{"id":9061,"date":"2021-06-23T02:31:41","date_gmt":"2021-08-04T06:28:58","guid":{"rendered":"https:\/\/www.kuakebicycle.com\/kk7016-fuld-carbonfiber-foldende-elcykel-13-8kg-350w-samsung-7-0ah\/"},"modified":"2022-04-25T06:54:16","modified_gmt":"2022-04-25T06:54:16","slug":"kk7016-fuld-kulfiber-folde-e-cykel","status":"publish","type":"product","link":"https:\/\/www.kuakebicycle.com\/da\/kk7016-fuld-kulfiber-folde-e-cykel\/","title":{"rendered":"KK7016 Carbon Elcykel Sammenklappelig (15KG, 250~350W, Samsung 7.0Ah, Baghjulsoph\u00e6ng)"},"content":{"rendered":"<p><iframe loading=\"lazy\" title=\"YouTube videoafspiller\" src=\"https:\/\/www.youtube.com\/embed\/MJj_uo9gSTo\" width=\"560\" height=\"315\" frameborder=\"0\" allowfullscreen=\"allowfullscreen\"><\/iframe><\/p>\n<table border=\"1\" width=\"556\">\n<tbody>\n<tr>\n<td style=\"text-align: center;\" colspan=\"2\" bgcolor=\"#d9edf7\"><strong>Grundl\u00e6ggende oplysninger<\/strong><\/td>\n<\/tr>\n<tr>\n<td bgcolor=\"#f5f2f2\" width=\"275\"><strong>Model nr.<\/strong><\/td>\n<td width=\"281\">KK7016<\/td>\n<\/tr>\n<tr>\n<td bgcolor=\"#f5f2f2\" width=\"275\"><strong>V\u00e6gt<\/strong><\/td>\n<td width=\"281\">15 KG<\/td>\n<\/tr>\n<tr>\n<td bgcolor=\"#f5f2f2\" width=\"275\"><strong>Ramme<\/strong><\/td>\n<td width=\"281\">Kulfiber<\/td>\n<\/tr>\n<tr>\n<td bgcolor=\"#f5f2f2\" width=\"275\"><strong>Forgaffel<\/strong><\/td>\n<td width=\"281\">Kulfiber<\/td>\n<\/tr>\n<tr>\n<td bgcolor=\"#f5f2f2\" width=\"275\"><strong>Standard indl\u00e6sning<\/strong><\/td>\n<td width=\"281\">100kg\/220lb<\/td>\n<\/tr>\n<tr>\n<td bgcolor=\"#f5f2f2\" width=\"275\"><strong>Ridesystem<\/strong><\/td>\n<td width=\"281\">5PAS+ Krydstogt<\/td>\n<\/tr>\n<tr>\n<td bgcolor=\"#f5f2f2\" width=\"275\"><strong>Udvid st\u00f8rrelse<\/strong><\/td>\n<td width=\"281\">1500*580*1100mm<\/td>\n<\/tr>\n<tr>\n<td bgcolor=\"#f5f2f2\" width=\"275\"><strong>Foldest\u00f8rrelse<\/strong><\/td>\n<td width=\"281\">850*405*700mm<\/td>\n<\/tr>\n<tr>\n<td style=\"text-align: center;\" colspan=\"2\" bgcolor=\"#d9edf7\"><strong>Komponenter Specifikationer<\/strong><\/td>\n<\/tr>\n<tr>\n<td bgcolor=\"#f5f2f2\" width=\"275\"><strong>Bremser<\/strong><\/td>\n<td width=\"281\">F\/R mekanisk 160 mm G3 skivebremse<\/td>\n<\/tr>\n<tr>\n<td bgcolor=\"#f5f2f2\" width=\"275\"><strong>Bremseh\u00e5ndtag<\/strong><\/td>\n<td width=\"281\">Justerbar aluminiumslegering<\/td>\n<\/tr>\n<tr>\n<td bgcolor=\"#f5f2f2\" width=\"275\"><strong>Skifter<\/strong><\/td>\n<td width=\"281\">SHIMANO Mf-Tz500-7 Hastighed<\/td>\n<\/tr>\n<tr>\n<td bgcolor=\"#f5f2f2\" width=\"275\"><strong>Skifter<\/strong><\/td>\n<td width=\"281\">SHIMANO RD-TY300<\/td>\n<\/tr>\n<tr>\n<td bgcolor=\"#f5f2f2\" width=\"275\"><strong>Gearkran<\/strong><\/td>\n<td width=\"281\">Prowheel 48T<\/td>\n<\/tr>\n<tr>\n<td bgcolor=\"#f5f2f2\" width=\"275\"><strong>Bageste brandhjul<\/strong><\/td>\n<td width=\"281\">SHIMANO MF-TZ500-7<\/td>\n<\/tr>\n<tr>\n<td bgcolor=\"#f5f2f2\" width=\"275\"><strong>D\u00e6k<\/strong><\/td>\n<td width=\"281\">Kenda 20*1,95 tommer<\/td>\n<\/tr>\n<tr>\n<td bgcolor=\"#f5f2f2\" width=\"275\"><strong>Hjuldiameter<\/strong><\/td>\n<td width=\"281\">20 inch<\/td>\n<\/tr>\n<tr>\n<td bgcolor=\"#f5f2f2\" width=\"275\"><strong>Handler<\/strong><\/td>\n<td width=\"281\">MICROSHIFT 7S\/P<\/td>\n<\/tr>\n<tr>\n<td bgcolor=\"#f5f2f2\" width=\"275\"><strong>Greb<\/strong><\/td>\n<td width=\"281\">EVA-st\u00f8dabsorberende og skridsikkert h\u00e5ndtag med h\u00f8j densitet<\/td>\n<\/tr>\n<tr>\n<td bgcolor=\"#f5f2f2\" width=\"275\"><strong>L\u00e6nke<\/strong><\/td>\n<td width=\"281\">KMC<\/td>\n<\/tr>\n<tr>\n<td bgcolor=\"#f5f2f2\" width=\"275\"><strong>Lys<\/strong><\/td>\n<td width=\"281\">F\/R LED lys<\/td>\n<\/tr>\n<tr>\n<td bgcolor=\"#f5f2f2\" width=\"275\"><strong>Rim<\/strong><\/td>\n<td width=\"281\">Dobbelt lag al-aluminium skivebremse cutter ring<\/td>\n<\/tr>\n<tr>\n<td bgcolor=\"#f5f2f2\" width=\"275\"><strong>Pedal<\/strong><\/td>\n<td width=\"281\">Foldbar skridsikker pedal<\/td>\n<\/tr>\n<tr>\n<td bgcolor=\"#f5f2f2\" width=\"275\"><strong>Sadel<\/strong><\/td>\n<td width=\"281\">Ergonomisk komfort<\/td>\n<\/tr>\n<tr>\n<td style=\"text-align: center;\" colspan=\"2\" bgcolor=\"#d9edf7\"><strong>Elektriske systemspecifikationer<\/strong><\/td>\n<\/tr>\n<tr>\n<td bgcolor=\"#f5f2f2\" width=\"275\"><strong>Motor<\/strong><\/td>\n<td width=\"281\">250\/350W h\u00f8jhastighedsmotor<\/td>\n<\/tr>\n<tr>\n<td bgcolor=\"#f5f2f2\" width=\"275\"><strong>Batteri<\/strong><\/td>\n<td width=\"281\">36V 5.2Ah ( Samsung 7.0Ah)<\/td>\n<\/tr>\n<tr>\n<td bgcolor=\"#f5f2f2\" width=\"275\"><strong>Batteristyringssystem<\/strong><\/td>\n<td width=\"281\">Patents\u00e6der\u00f8rsbatterisystem<\/td>\n<\/tr>\n<tr>\n<td bgcolor=\"#f5f2f2\" width=\"275\"><strong>Lade tid<\/strong><\/td>\n<td width=\"281\">3 timer<\/td>\n<\/tr>\n<tr>\n<td bgcolor=\"#f5f2f2\" width=\"275\"><strong>Controller<\/strong><\/td>\n<td width=\"281\">Sinusb\u00f8lge -controller<\/td>\n<\/tr>\n<tr>\n<td bgcolor=\"#f5f2f2\" width=\"275\"><strong>Sk\u00e6rm<\/strong><\/td>\n<td width=\"281\">LCD<\/td>\n<\/tr>\n<tr>\n<td bgcolor=\"#f5f2f2\" width=\"275\"><strong>Genopladningstider<\/strong><\/td>\n<td width=\"281\">800 ~ 1000 gange<\/td>\n<\/tr>\n<tr>\n<td bgcolor=\"#f5f2f2\" width=\"275\"><strong>Udholdenhed kilometertal<\/strong><\/td>\n<td width=\"281\">PAS&gt;50km<\/td>\n<\/tr>\n<tr>\n<td bgcolor=\"#f5f2f2\" width=\"275\"><strong>H\u00f8jeste hastighed<\/strong><\/td>\n<td width=\"281\">\u226425km\/h<\/td>\n<\/tr>\n<\/tbody>\n<\/table>\n","protected":false},"excerpt":{"rendered":"<ul>\n<li>Karbonfiberramme og forgaffel<\/li>\n<li>Letv\u00e6gts 15 kg og foldbar (udvidelsesst\u00f8rrelse: 1500*580*1100mm\u200b, foldest\u00f8rrelse: 850*405*700mm\u200b)<\/li>\n<li>Flere farver er tilg\u00e6ngelige og kan tilpasses<\/li>\n<li>250w\/350w h\u00f8jhastigheds bagmotor<\/li>\n<li>Standard 36V\/5.2Ah litiumbatteri (alternativ Samsung 36V 7.0Ah option)<\/li>\n<li>S\u00e6der\u00f8rs batterisystem<\/li>\n<li>Shimano 7 hastighed<\/li>\n<\/ul>\n","protected":false},"featured_media":22357,"comment_status":"closed","ping_status":"closed","template":"","meta":{"site-sidebar-layout":"default","site-content-layout":"default","ast-site-content-layout":"default","site-content-style":"default","site-sidebar-style":"default","ast-global-header-display":"","ast-banner-title-visibility":"","ast-main-header-display":"","ast-hfb-above-header-display":"","ast-hfb-below-header-display":"","ast-hfb-mobile-header-display":"","site-post-title":"","ast-breadcrumbs-content":"","ast-featured-img":"","footer-sml-layout":"","ast-disable-related-posts":"","theme-transparent-header-meta":"default","adv-header-id-meta":"","stick-header-meta":"default","header-above-stick-meta":"","header-main-stick-meta":"","header-below-stick-meta":"","astra-migrate-meta-layouts":"default","ast-page-background-enabled":"default","ast-page-background-meta":{"desktop":{"background-color":"","background-image":"","background-repeat":"repeat","background-position":"center center","background-size":"auto","background-attachment":"scroll","background-type":"","background-media":"","overlay-type":"","overlay-color":"","overlay-opacity":"","overlay-gradient":""},"tablet":{"background-color":"","background-image":"","background-repeat":"repeat","background-position":"center center","background-size":"auto","background-attachment":"scroll","background-type":"","background-media":"","overlay-type":"","overlay-color":"","overlay-opacity":"","overlay-gradient":""},"mobile":{"background-color":"","background-image":"","background-repeat":"repeat","background-position":"center center","background-size":"auto","background-attachment":"scroll","background-type":"","background-media":"","overlay-type":"","overlay-color":"","overlay-opacity":"","overlay-gradient":""}},"ast-content-background-meta":{"desktop":{"background-color":"var(--ast-global-color-5)","background-image":"","background-repeat":"repeat","background-position":"center center","background-size":"auto","background-attachment":"scroll","background-type":"","background-media":"","overlay-type":"","overlay-color":"","overlay-opacity":"","overlay-gradient":""},"tablet":{"background-color":"var(--ast-global-color-5)","background-image":"","background-repeat":"repeat","background-position":"center center","background-size":"auto","background-attachment":"scroll","background-type":"","background-media":"","overlay-type":"","overlay-color":"","overlay-opacity":"","overlay-gradient":""},"mobile":{"background-color":"var(--ast-global-color-5)","background-image":"","background-repeat":"repeat","background-position":"center center","background-size":"auto","background-attachment":"scroll","background-type":"","background-media":"","overlay-type":"","overlay-color":"","overlay-opacity":"","overlay-gradient":""}}},"product_brand":[],"product_cat":[162],"product_tag":[],"class_list":{"0":"post-9061","1":"product","2":"type-product","3":"status-publish","4":"has-post-thumbnail","6":"product_cat-el-foldecykel","7":"desktop-align-left","8":"tablet-align-left","9":"mobile-align-left","10":"ast-product-gallery-layout-horizontal","11":"ast-product-tabs-layout-horizontal","12":"ast-qv-on-image","14":"first","15":"instock","16":"featured","17":"shipping-taxable","18":"product-type-simple"},"yoast_head":"<!-- This site is optimized with the Yoast SEO plugin v27.4 - https:\/\/yoast.com\/product\/yoast-seo-wordpress\/ -->\n<title>KK7016 Carbon Elcykel Sammenklappelig (15KG, 250~350W, Samsung 7.0Ah, Baghjulsoph\u00e6ng) - Kuake Bicycle<\/title>\n<meta name=\"description\" content=\"Hvis du leder efter den ultimative letv\u00e6gtsydelse, er vores carbonfiber elektriske foldecykel uovertruffen.\" \/>\n<meta name=\"robots\" content=\"index, follow, max-snippet:-1, max-image-preview:large, max-video-preview:-1\" \/>\n<link rel=\"canonical\" href=\"https:\/\/www.kuakebicycle.com\/da\/kk7016-fuld-kulfiber-folde-e-cykel\/\" \/>\n<meta property=\"og:locale\" content=\"da_DK\" \/>\n<meta property=\"og:type\" content=\"article\" \/>\n<meta property=\"og:title\" content=\"KK7016 Carbon Elcykel Sammenklappelig (15KG, 250~350W, Samsung 7.0Ah, Baghjulsoph\u00e6ng) - Kuake Bicycle\" \/>\n<meta property=\"og:description\" content=\"Hvis du leder efter den ultimative letv\u00e6gtsydelse, er vores carbonfiber elektriske foldecykel uovertruffen.\" \/>\n<meta property=\"og:url\" content=\"https:\/\/www.kuakebicycle.com\/da\/kk7016-fuld-kulfiber-folde-e-cykel\/\" \/>\n<meta property=\"og:site_name\" content=\"Kuake Bicycle\" \/>\n<meta property=\"article:modified_time\" content=\"2022-04-25T06:54:16+00:00\" \/>\n<meta property=\"og:image\" content=\"https:\/\/www.kuakebicycle.com\/wp-content\/uploads\/2021\/06\/KK7016-Carbon-Folding-E-Bike.jpg\" \/>\n\t<meta property=\"og:image:width\" content=\"600\" \/>\n\t<meta property=\"og:image:height\" content=\"600\" \/>\n\t<meta property=\"og:image:type\" content=\"image\/jpeg\" \/>\n<meta name=\"twitter:card\" content=\"summary_large_image\" \/>\n<meta name=\"twitter:label1\" content=\"Estimeret l\u00e6setid\" \/>\n\t<meta name=\"twitter:data1\" content=\"1 minut\" \/>\n<script type=\"application\/ld+json\" class=\"yoast-schema-graph\">{\"@context\":\"https:\\\/\\\/schema.org\",\"@graph\":[{\"@type\":\"WebPage\",\"@id\":\"https:\\\/\\\/www.kuakebicycle.com\\\/da\\\/kk7016-fuld-kulfiber-folde-e-cykel\\\/\",\"url\":\"https:\\\/\\\/www.kuakebicycle.com\\\/da\\\/kk7016-fuld-kulfiber-folde-e-cykel\\\/\",\"name\":\"KK7016 Carbon Elcykel Sammenklappelig (15KG, 250~350W, Samsung 7.0Ah, Baghjulsoph\u00e6ng) - Kuake Bicycle\",\"isPartOf\":{\"@id\":\"https:\\\/\\\/www.kuakebicycle.com\\\/da\\\/#website\"},\"primaryImageOfPage\":{\"@id\":\"https:\\\/\\\/www.kuakebicycle.com\\\/da\\\/kk7016-fuld-kulfiber-folde-e-cykel\\\/#primaryimage\"},\"image\":{\"@id\":\"https:\\\/\\\/www.kuakebicycle.com\\\/da\\\/kk7016-fuld-kulfiber-folde-e-cykel\\\/#primaryimage\"},\"thumbnailUrl\":\"https:\\\/\\\/www.kuakebicycle.com\\\/wp-content\\\/uploads\\\/2021\\\/06\\\/KK7016-Carbon-Folding-E-Bike.jpg\",\"datePublished\":\"2021-08-04T06:28:58+00:00\",\"dateModified\":\"2022-04-25T06:54:16+00:00\",\"description\":\"Hvis du leder efter den ultimative letv\u00e6gtsydelse, er vores carbonfiber elektriske foldecykel uovertruffen.\",\"breadcrumb\":{\"@id\":\"https:\\\/\\\/www.kuakebicycle.com\\\/da\\\/kk7016-fuld-kulfiber-folde-e-cykel\\\/#breadcrumb\"},\"inLanguage\":\"da-DK\",\"potentialAction\":[{\"@type\":\"ReadAction\",\"target\":[\"https:\\\/\\\/www.kuakebicycle.com\\\/da\\\/kk7016-fuld-kulfiber-folde-e-cykel\\\/\"]}]},{\"@type\":\"ImageObject\",\"inLanguage\":\"da-DK\",\"@id\":\"https:\\\/\\\/www.kuakebicycle.com\\\/da\\\/kk7016-fuld-kulfiber-folde-e-cykel\\\/#primaryimage\",\"url\":\"https:\\\/\\\/www.kuakebicycle.com\\\/wp-content\\\/uploads\\\/2021\\\/06\\\/KK7016-Carbon-Folding-E-Bike.jpg\",\"contentUrl\":\"https:\\\/\\\/www.kuakebicycle.com\\\/wp-content\\\/uploads\\\/2021\\\/06\\\/KK7016-Carbon-Folding-E-Bike.jpg\",\"width\":600,\"height\":600,\"caption\":\"KK7016 Carbon Folding E-Bike\"},{\"@type\":\"BreadcrumbList\",\"@id\":\"https:\\\/\\\/www.kuakebicycle.com\\\/da\\\/kk7016-fuld-kulfiber-folde-e-cykel\\\/#breadcrumb\",\"itemListElement\":[{\"@type\":\"ListItem\",\"position\":1,\"name\":\"Home\",\"item\":\"https:\\\/\\\/www.kuakebicycle.com\\\/da\\\/\"},{\"@type\":\"ListItem\",\"position\":2,\"name\":\"Produkter\",\"item\":\"https:\\\/\\\/www.kuakebicycle.com\\\/da\\\/produkter\\\/\"},{\"@type\":\"ListItem\",\"position\":3,\"name\":\"KK7016 Carbon Elcykel Sammenklappelig (15KG, 250~350W, Samsung 7.0Ah, Baghjulsoph\u00e6ng)\"}]},{\"@type\":\"WebSite\",\"@id\":\"https:\\\/\\\/www.kuakebicycle.com\\\/da\\\/#website\",\"url\":\"https:\\\/\\\/www.kuakebicycle.com\\\/da\\\/\",\"name\":\"Kuake Bicycle\",\"description\":\"\",\"publisher\":{\"@id\":\"https:\\\/\\\/www.kuakebicycle.com\\\/da\\\/#organization\"},\"potentialAction\":[{\"@type\":\"SearchAction\",\"target\":{\"@type\":\"EntryPoint\",\"urlTemplate\":\"https:\\\/\\\/www.kuakebicycle.com\\\/da\\\/?s={search_term_string}\"},\"query-input\":{\"@type\":\"PropertyValueSpecification\",\"valueRequired\":true,\"valueName\":\"search_term_string\"}}],\"inLanguage\":\"da-DK\"},{\"@type\":\"Organization\",\"@id\":\"https:\\\/\\\/www.kuakebicycle.com\\\/da\\\/#organization\",\"name\":\"Kuake Technology\",\"url\":\"https:\\\/\\\/www.kuakebicycle.com\\\/da\\\/\",\"logo\":{\"@type\":\"ImageObject\",\"inLanguage\":\"da-DK\",\"@id\":\"https:\\\/\\\/www.kuakebicycle.com\\\/da\\\/#\\\/schema\\\/logo\\\/image\\\/\",\"url\":\"https:\\\/\\\/www.kuakebicycle.com\\\/wp-content\\\/uploads\\\/2021\\\/03\\\/icon.png\",\"contentUrl\":\"https:\\\/\\\/www.kuakebicycle.com\\\/wp-content\\\/uploads\\\/2021\\\/03\\\/icon.png\",\"width\":100,\"height\":100,\"caption\":\"Kuake Technology\"},\"image\":{\"@id\":\"https:\\\/\\\/www.kuakebicycle.com\\\/da\\\/#\\\/schema\\\/logo\\\/image\\\/\"}}]}<\/script>\n<!-- \/ Yoast SEO plugin. -->","yoast_head_json":{"title":"KK7016 Carbon Elcykel Sammenklappelig (15KG, 250~350W, Samsung 7.0Ah, Baghjulsoph\u00e6ng) - Kuake Bicycle","description":"Hvis du leder efter den ultimative letv\u00e6gtsydelse, er vores carbonfiber elektriske foldecykel uovertruffen.","robots":{"index":"index","follow":"follow","max-snippet":"max-snippet:-1","max-image-preview":"max-image-preview:large","max-video-preview":"max-video-preview:-1"},"canonical":"https:\/\/www.kuakebicycle.com\/da\/kk7016-fuld-kulfiber-folde-e-cykel\/","og_locale":"da_DK","og_type":"article","og_title":"KK7016 Carbon Elcykel Sammenklappelig (15KG, 250~350W, Samsung 7.0Ah, Baghjulsoph\u00e6ng) - Kuake Bicycle","og_description":"Hvis du leder efter den ultimative letv\u00e6gtsydelse, er vores carbonfiber elektriske foldecykel uovertruffen.","og_url":"https:\/\/www.kuakebicycle.com\/da\/kk7016-fuld-kulfiber-folde-e-cykel\/","og_site_name":"Kuake Bicycle","article_modified_time":"2022-04-25T06:54:16+00:00","og_image":[{"width":600,"height":600,"url":"https:\/\/www.kuakebicycle.com\/wp-content\/uploads\/2021\/06\/KK7016-Carbon-Folding-E-Bike.jpg","type":"image\/jpeg"}],"twitter_card":"summary_large_image","twitter_misc":{"Estimeret l\u00e6setid":"1 minut"},"schema":{"@context":"https:\/\/schema.org","@graph":[{"@type":"WebPage","@id":"https:\/\/www.kuakebicycle.com\/da\/kk7016-fuld-kulfiber-folde-e-cykel\/","url":"https:\/\/www.kuakebicycle.com\/da\/kk7016-fuld-kulfiber-folde-e-cykel\/","name":"KK7016 Carbon Elcykel Sammenklappelig (15KG, 250~350W, Samsung 7.0Ah, Baghjulsoph\u00e6ng) - Kuake Bicycle","isPartOf":{"@id":"https:\/\/www.kuakebicycle.com\/da\/#website"},"primaryImageOfPage":{"@id":"https:\/\/www.kuakebicycle.com\/da\/kk7016-fuld-kulfiber-folde-e-cykel\/#primaryimage"},"image":{"@id":"https:\/\/www.kuakebicycle.com\/da\/kk7016-fuld-kulfiber-folde-e-cykel\/#primaryimage"},"thumbnailUrl":"https:\/\/www.kuakebicycle.com\/wp-content\/uploads\/2021\/06\/KK7016-Carbon-Folding-E-Bike.jpg","datePublished":"2021-08-04T06:28:58+00:00","dateModified":"2022-04-25T06:54:16+00:00","description":"Hvis du leder efter den ultimative letv\u00e6gtsydelse, er vores carbonfiber elektriske foldecykel uovertruffen.","breadcrumb":{"@id":"https:\/\/www.kuakebicycle.com\/da\/kk7016-fuld-kulfiber-folde-e-cykel\/#breadcrumb"},"inLanguage":"da-DK","potentialAction":[{"@type":"ReadAction","target":["https:\/\/www.kuakebicycle.com\/da\/kk7016-fuld-kulfiber-folde-e-cykel\/"]}]},{"@type":"ImageObject","inLanguage":"da-DK","@id":"https:\/\/www.kuakebicycle.com\/da\/kk7016-fuld-kulfiber-folde-e-cykel\/#primaryimage","url":"https:\/\/www.kuakebicycle.com\/wp-content\/uploads\/2021\/06\/KK7016-Carbon-Folding-E-Bike.jpg","contentUrl":"https:\/\/www.kuakebicycle.com\/wp-content\/uploads\/2021\/06\/KK7016-Carbon-Folding-E-Bike.jpg","width":600,"height":600,"caption":"KK7016 Carbon Folding E-Bike"},{"@type":"BreadcrumbList","@id":"https:\/\/www.kuakebicycle.com\/da\/kk7016-fuld-kulfiber-folde-e-cykel\/#breadcrumb","itemListElement":[{"@type":"ListItem","position":1,"name":"Home","item":"https:\/\/www.kuakebicycle.com\/da\/"},{"@type":"ListItem","position":2,"name":"Produkter","item":"https:\/\/www.kuakebicycle.com\/da\/produkter\/"},{"@type":"ListItem","position":3,"name":"KK7016 Carbon Elcykel Sammenklappelig (15KG, 250~350W, Samsung 7.0Ah, Baghjulsoph\u00e6ng)"}]},{"@type":"WebSite","@id":"https:\/\/www.kuakebicycle.com\/da\/#website","url":"https:\/\/www.kuakebicycle.com\/da\/","name":"Kuake Bicycle","description":"","publisher":{"@id":"https:\/\/www.kuakebicycle.com\/da\/#organization"},"potentialAction":[{"@type":"SearchAction","target":{"@type":"EntryPoint","urlTemplate":"https:\/\/www.kuakebicycle.com\/da\/?s={search_term_string}"},"query-input":{"@type":"PropertyValueSpecification","valueRequired":true,"valueName":"search_term_string"}}],"inLanguage":"da-DK"},{"@type":"Organization","@id":"https:\/\/www.kuakebicycle.com\/da\/#organization","name":"Kuake Technology","url":"https:\/\/www.kuakebicycle.com\/da\/","logo":{"@type":"ImageObject","inLanguage":"da-DK","@id":"https:\/\/www.kuakebicycle.com\/da\/#\/schema\/logo\/image\/","url":"https:\/\/www.kuakebicycle.com\/wp-content\/uploads\/2021\/03\/icon.png","contentUrl":"https:\/\/www.kuakebicycle.com\/wp-content\/uploads\/2021\/03\/icon.png","width":100,"height":100,"caption":"Kuake Technology"},"image":{"@id":"https:\/\/www.kuakebicycle.com\/da\/#\/schema\/logo\/image\/"}}]}},"_links":{"self":[{"href":"https:\/\/www.kuakebicycle.com\/da\/wp-json\/wp\/v2\/product\/9061","targetHints":{"allow":["GET"]}}],"collection":[{"href":"https:\/\/www.kuakebicycle.com\/da\/wp-json\/wp\/v2\/product"}],"about":[{"href":"https:\/\/www.kuakebicycle.com\/da\/wp-json\/wp\/v2\/types\/product"}],"replies":[{"embeddable":true,"href":"https:\/\/www.kuakebicycle.com\/da\/wp-json\/wp\/v2\/comments?post=9061"}],"wp:featuredmedia":[{"embeddable":true,"href":"https:\/\/www.kuakebicycle.com\/da\/wp-json\/wp\/v2\/media\/22357"}],"wp:attachment":[{"href":"https:\/\/www.kuakebicycle.com\/da\/wp-json\/wp\/v2\/media?parent=9061"}],"wp:term":[{"taxonomy":"product_brand","embeddable":true,"href":"https:\/\/www.kuakebicycle.com\/da\/wp-json\/wp\/v2\/product_brand?post=9061"},{"taxonomy":"product_cat","embeddable":true,"href":"https:\/\/www.kuakebicycle.com\/da\/wp-json\/wp\/v2\/product_cat?post=9061"},{"taxonomy":"product_tag","embeddable":true,"href":"https:\/\/www.kuakebicycle.com\/da\/wp-json\/wp\/v2\/product_tag?post=9061"}],"curies":[{"name":"wp","href":"https:\/\/api.w.org\/{rel}","templated":true}]}}