{"id":11358,"date":"2021-09-24T03:24:22","date_gmt":"2021-09-24T03:41:45","guid":{"rendered":"https:\/\/www.kuakebicycle.com\/kk2023-elektrisk-mountainbike-275-tommer-672wh-mellemmotor-fuld-affjedring\/"},"modified":"2022-03-30T10:46:35","modified_gmt":"2022-03-30T10:46:35","slug":"kk2023-elektrisk-mountainbike","status":"publish","type":"product","link":"https:\/\/www.kuakebicycle.com\/da\/kk2023-elektrisk-mountainbike\/","title":{"rendered":"Kk2023 Elektrisk Mountainbike (27,5 Tommer, 1000w Mellemmotor, 672Wh, Fuld Affjedring)"},"content":{"rendered":"<table border=\"1\" width=\"556\">\n<tbody>\n<tr>\n<td style=\"text-align: center;\" colspan=\"2\" bgcolor=\"#d9edf7\"><strong>Cykel specifikationer<\/strong><\/td>\n<\/tr>\n<tr>\n<td bgcolor=\"#f5f2f2\" width=\"275\"><strong>Model nr.<\/strong><\/td>\n<td width=\"281\">KK2023<\/td>\n<\/tr>\n<tr>\n<td bgcolor=\"#f5f2f2\" width=\"275\"><strong>Ramme<\/strong><\/td>\n<td width=\"281\">27,5 &#8220;, aluminiumslegering AL6061<\/td>\n<\/tr>\n<tr>\n<td bgcolor=\"#f5f2f2\" width=\"275\"><strong>Gaffel<\/strong><\/td>\n<td width=\"281\">Suntour Fuld affjedring XCM 34 LO 15AH2<\/td>\n<\/tr>\n<tr>\n<td bgcolor=\"#f5f2f2\" width=\"275\"><strong>Gear<\/strong><\/td>\n<td width=\"281\">Shimano RD M3000 SGS 9 gear<\/td>\n<\/tr>\n<tr>\n<td bgcolor=\"#f5f2f2\" width=\"275\"><strong>Skifter<\/strong><\/td>\n<td width=\"281\">Shimano ASLM3000RC 9 gear<\/td>\n<\/tr>\n<tr>\n<td bgcolor=\"#f5f2f2\" width=\"275\"><strong>Gratis hjul<\/strong><\/td>\n<td width=\"281\">Shimano ACSHG2009132 9 hastigheder<\/td>\n<\/tr>\n<tr>\n<td bgcolor=\"#f5f2f2\" width=\"275\"><strong>Forbremse<\/strong><\/td>\n<td width=\"281\">Tektro Oil Hydraulisk bremse legering<\/td>\n<\/tr>\n<tr>\n<td bgcolor=\"#f5f2f2\" width=\"275\"><strong>Bagbremse<\/strong><\/td>\n<td width=\"281\">Tektro Oil Hydraulisk bremse legering<\/td>\n<\/tr>\n<tr>\n<td bgcolor=\"#f5f2f2\" width=\"275\"><strong>Pedaler<\/strong><\/td>\n<td width=\"281\">Wellgo B087 9\/16 CR-MO BS<\/td>\n<\/tr>\n<tr>\n<td bgcolor=\"#f5f2f2\" width=\"275\"><strong>Rim<\/strong><\/td>\n<td width=\"281\">HJC DP-45*27.5*13G*36H, A\/V, LEGERING<\/td>\n<\/tr>\n<tr>\n<td bgcolor=\"#f5f2f2\" width=\"275\"><strong>D\u00e6k<\/strong><\/td>\n<td width=\"281\">CST 27.5*3.0, 60 TPI<\/td>\n<\/tr>\n<tr>\n<td bgcolor=\"#f5f2f2\" width=\"275\"><strong>Indvendigt r\u00f8r<\/strong><\/td>\n<td width=\"281\">CST 27.5*3.0<\/td>\n<\/tr>\n<tr>\n<td bgcolor=\"#f5f2f2\" width=\"275\"><strong>Eger<\/strong><\/td>\n<td width=\"281\">SLE 13G<\/td>\n<\/tr>\n<tr>\n<td bgcolor=\"#f5f2f2\" width=\"275\"><strong>Styr<\/strong><\/td>\n<td width=\"281\">Promax HB-3188-W640, 8\u00b0, R18, L200,H50.9, 2.3*2.8*2.3<\/td>\n<\/tr>\n<tr>\n<td bgcolor=\"#f5f2f2\" width=\"275\"><strong>Stilk<\/strong><\/td>\n<td width=\"281\">Promax MA-410 LEGERING<\/td>\n<\/tr>\n<tr>\n<td bgcolor=\"#f5f2f2\" width=\"275\"><strong>Greb<\/strong><\/td>\n<td width=\"281\">SR VLG884AD2<\/td>\n<\/tr>\n<tr>\n<td bgcolor=\"#f5f2f2\" width=\"275\"><strong>Bremseh\u00e5ndtag<\/strong><\/td>\n<td width=\"281\">Tektro Alloy Sort<\/td>\n<\/tr>\n<tr>\n<td bgcolor=\"#f5f2f2\" width=\"275\"><strong>Head Set<\/strong><\/td>\n<td width=\"281\">NECO H383EM 44*56*39.8<\/td>\n<\/tr>\n<tr>\n<td bgcolor=\"#f5f2f2\" width=\"275\"><strong>Sadel<\/strong><\/td>\n<td width=\"281\">Justek SI-1285URN<\/td>\n<\/tr>\n<tr>\n<td style=\"text-align: center;\" colspan=\"2\" bgcolor=\"#d9edf7\"><strong>Elektrisk system<\/strong><\/td>\n<\/tr>\n<tr>\n<td bgcolor=\"#f5f2f2\" width=\"275\"><strong>Batteri<\/strong><\/td>\n<td width=\"281\">48V 14Ah, SAMSUNG 3500 cells<\/td>\n<\/tr>\n<tr>\n<td bgcolor=\"#f5f2f2\" width=\"275\"><strong>Oplader<\/strong><\/td>\n<td width=\"281\">SSLC109V55, 48V2A, GS\/CE SAA\/ROHS<\/td>\n<\/tr>\n<tr>\n<td bgcolor=\"#f5f2f2\" width=\"275\"><strong>Opladningstid<\/strong><\/td>\n<td width=\"281\">4 ~ 6 timer<\/td>\n<\/tr>\n<tr>\n<td bgcolor=\"#f5f2f2\" width=\"275\"><strong>Genopladningstider<\/strong><\/td>\n<td width=\"281\">800 ~ 1000 gange<\/td>\n<\/tr>\n<tr>\n<td bgcolor=\"#f5f2f2\" width=\"275\"><strong>Motoreffekt<\/strong><\/td>\n<td width=\"281\">Bafang M620 48V 750W~1000W Mellemdrev<\/td>\n<\/tr>\n<tr>\n<td bgcolor=\"#f5f2f2\" width=\"275\"><strong>Controller<\/strong><\/td>\n<td width=\"281\"> Bafang 48V<\/td>\n<\/tr>\n<tr>\n<td bgcolor=\"#f5f2f2\" width=\"275\"><strong>Sk\u00e6rm<\/strong><\/td>\n<td width=\"281\">Bafang 48V farverigt C18 display<\/td>\n<\/tr>\n<tr>\n<td bgcolor=\"#f5f2f2\" width=\"275\"><strong>H\u00f8jeste hastighed<\/strong><\/td>\n<td width=\"281\">45km\/h<\/td>\n<\/tr>\n<tr>\n<td bgcolor=\"#f5f2f2\" width=\"275\"><strong>Afstand mod gebyr<\/strong><\/td>\n<td width=\"281\">50-60km<\/td>\n<\/tr>\n<tr>\n<td style=\"text-align: center;\" colspan=\"2\" bgcolor=\"#d9edf7\"><strong>Forsendelsesdetaljer<\/strong><\/td>\n<\/tr>\n<tr>\n<td bgcolor=\"#f5f2f2\" width=\"275\"><strong>Pakningsst\u00f8rrelse<\/strong><\/td>\n<td width=\"281\">1960*250*1155mm<\/td>\n<\/tr>\n<tr>\n<td bgcolor=\"#f5f2f2\" width=\"275\"><strong>40&#8243; Hq(Pcs)<\/strong><\/td>\n<td width=\"281\">120pcs<\/td>\n<\/tr>\n<tr>\n<td bgcolor=\"#f5f2f2\" width=\"275\"><strong>20&#8243; Hq(Pcs)<\/strong><\/td>\n<td width=\"281\">54pcs<\/td>\n<\/tr>\n<\/tbody>\n<\/table>\n","protected":false},"excerpt":{"rendered":"<ul>\n<li><strong>Motor<\/strong>: 48V 750W Bafang b\u00f8rstel\u00f8s midtdrevsmotor giver mere end nok str\u00f8m til din daglige pendling, et krydstogt p\u00e5 bjerget eller en slingretur langs din yndlingssti, maks. Hastighed kan n\u00e5s 40 km\/t.<\/li>\n<li><strong>Batteri<\/strong>: Samsung-batteriet har en kapacitet p\u00e5 14Ah, opladningstiden vil tage 4-6 timer og en batterilevetid p\u00e5 800~1000 cyklusser.<\/li>\n<li><strong>Sk\u00e6rm<\/strong>: Bafang farverige LCD -display garanterer, at du let kan l\u00e6se din statistik.<\/li>\n<li><strong>Bremse<\/strong>: TEKTRO oliehydrauliske bremser for\/bag er mere effektive, s\u00e5 du skal l\u00e6gge mindre tryk p\u00e5 h\u00e5ndtaget for at opn\u00e5 samme bremsekraft.<\/li>\n<li><strong>Shifters<\/strong>: Justerbart Shimano 9-trins transmissionssystem, der \u00f8ger bakkebestigningskraft, yderligere variation i r\u00e6kkevidde og st\u00f8rre terr\u00e6ntilpasningsevne.<\/li>\n<\/ul>\n","protected":false},"featured_media":11349,"comment_status":"closed","ping_status":"closed","template":"","meta":{"site-sidebar-layout":"default","site-content-layout":"default","ast-site-content-layout":"default","site-content-style":"default","site-sidebar-style":"default","ast-global-header-display":"","ast-banner-title-visibility":"","ast-main-header-display":"","ast-hfb-above-header-display":"","ast-hfb-below-header-display":"","ast-hfb-mobile-header-display":"","site-post-title":"","ast-breadcrumbs-content":"","ast-featured-img":"","footer-sml-layout":"","ast-disable-related-posts":"","theme-transparent-header-meta":"default","adv-header-id-meta":"","stick-header-meta":"default","header-above-stick-meta":"","header-main-stick-meta":"","header-below-stick-meta":"","astra-migrate-meta-layouts":"default","ast-page-background-enabled":"default","ast-page-background-meta":{"desktop":{"background-color":"","background-image":"","background-repeat":"repeat","background-position":"center center","background-size":"auto","background-attachment":"scroll","background-type":"","background-media":"","overlay-type":"","overlay-color":"","overlay-opacity":"","overlay-gradient":""},"tablet":{"background-color":"","background-image":"","background-repeat":"repeat","background-position":"center center","background-size":"auto","background-attachment":"scroll","background-type":"","background-media":"","overlay-type":"","overlay-color":"","overlay-opacity":"","overlay-gradient":""},"mobile":{"background-color":"","background-image":"","background-repeat":"repeat","background-position":"center center","background-size":"auto","background-attachment":"scroll","background-type":"","background-media":"","overlay-type":"","overlay-color":"","overlay-opacity":"","overlay-gradient":""}},"ast-content-background-meta":{"desktop":{"background-color":"var(--ast-global-color-5)","background-image":"","background-repeat":"repeat","background-position":"center center","background-size":"auto","background-attachment":"scroll","background-type":"","background-media":"","overlay-type":"","overlay-color":"","overlay-opacity":"","overlay-gradient":""},"tablet":{"background-color":"var(--ast-global-color-5)","background-image":"","background-repeat":"repeat","background-position":"center center","background-size":"auto","background-attachment":"scroll","background-type":"","background-media":"","overlay-type":"","overlay-color":"","overlay-opacity":"","overlay-gradient":""},"mobile":{"background-color":"var(--ast-global-color-5)","background-image":"","background-repeat":"repeat","background-position":"center center","background-size":"auto","background-attachment":"scroll","background-type":"","background-media":"","overlay-type":"","overlay-color":"","overlay-opacity":"","overlay-gradient":""}}},"product_brand":[],"product_cat":[164],"product_tag":[],"class_list":{"0":"post-11358","1":"product","2":"type-product","3":"status-publish","4":"has-post-thumbnail","6":"product_cat-el-mountainbike","7":"desktop-align-left","8":"tablet-align-left","9":"mobile-align-left","10":"ast-product-gallery-layout-horizontal","11":"ast-product-tabs-layout-horizontal","12":"ast-qv-on-image","14":"first","15":"instock","16":"shipping-taxable","17":"product-type-simple"},"yoast_head":"<!-- This site is optimized with the Yoast SEO plugin v27.4 - https:\/\/yoast.com\/product\/yoast-seo-wordpress\/ -->\n<title>KK2023 27,5 Tommer Mid Drive Fuld Affjedring 1000w Elektrisk Mountainbike - Kuake Bicycle<\/title>\n<meta name=\"description\" content=\"Kuake KK2023 er vores mest avancerede elektriske mountainbike, den har en fuld affjedret 27,5 tommer ramme og en kraftig 1000w mid drive motor.\" \/>\n<meta name=\"robots\" content=\"index, follow, max-snippet:-1, max-image-preview:large, max-video-preview:-1\" \/>\n<link rel=\"canonical\" href=\"https:\/\/www.kuakebicycle.com\/da\/kk2023-elektrisk-mountainbike\/\" \/>\n<meta property=\"og:locale\" content=\"da_DK\" \/>\n<meta property=\"og:type\" content=\"article\" \/>\n<meta property=\"og:title\" content=\"KK2023 27,5 Tommer Mid Drive Fuld Affjedring 1000w Elektrisk Mountainbike - Kuake Bicycle\" \/>\n<meta property=\"og:description\" content=\"Kuake KK2023 er vores mest avancerede elektriske mountainbike, den har en fuld affjedret 27,5 tommer ramme og en kraftig 1000w mid drive motor.\" \/>\n<meta property=\"og:url\" content=\"https:\/\/www.kuakebicycle.com\/da\/kk2023-elektrisk-mountainbike\/\" \/>\n<meta property=\"og:site_name\" content=\"Kuake Bicycle\" \/>\n<meta property=\"article:modified_time\" content=\"2022-03-30T10:46:35+00:00\" \/>\n<meta property=\"og:image\" content=\"https:\/\/www.kuakebicycle.com\/wp-content\/uploads\/2021\/09\/KK2023-Electric-Mountain-Bike.jpg\" \/>\n\t<meta property=\"og:image:width\" content=\"600\" \/>\n\t<meta property=\"og:image:height\" content=\"600\" \/>\n\t<meta property=\"og:image:type\" content=\"image\/jpeg\" \/>\n<meta name=\"twitter:card\" content=\"summary_large_image\" \/>\n<meta name=\"twitter:label1\" content=\"Estimeret l\u00e6setid\" \/>\n\t<meta name=\"twitter:data1\" content=\"1 minut\" \/>\n<script type=\"application\/ld+json\" class=\"yoast-schema-graph\">{\"@context\":\"https:\\\/\\\/schema.org\",\"@graph\":[{\"@type\":\"WebPage\",\"@id\":\"https:\\\/\\\/www.kuakebicycle.com\\\/da\\\/kk2023-elektrisk-mountainbike\\\/\",\"url\":\"https:\\\/\\\/www.kuakebicycle.com\\\/da\\\/kk2023-elektrisk-mountainbike\\\/\",\"name\":\"KK2023 27,5 Tommer Mid Drive Fuld Affjedring 1000w Elektrisk Mountainbike - Kuake Bicycle\",\"isPartOf\":{\"@id\":\"https:\\\/\\\/www.kuakebicycle.com\\\/da\\\/#website\"},\"primaryImageOfPage\":{\"@id\":\"https:\\\/\\\/www.kuakebicycle.com\\\/da\\\/kk2023-elektrisk-mountainbike\\\/#primaryimage\"},\"image\":{\"@id\":\"https:\\\/\\\/www.kuakebicycle.com\\\/da\\\/kk2023-elektrisk-mountainbike\\\/#primaryimage\"},\"thumbnailUrl\":\"https:\\\/\\\/www.kuakebicycle.com\\\/wp-content\\\/uploads\\\/2021\\\/09\\\/KK2023-Electric-Mountain-Bike.jpg\",\"datePublished\":\"2021-09-24T03:41:45+00:00\",\"dateModified\":\"2022-03-30T10:46:35+00:00\",\"description\":\"Kuake KK2023 er vores mest avancerede elektriske mountainbike, den har en fuld affjedret 27,5 tommer ramme og en kraftig 1000w mid drive motor.\",\"breadcrumb\":{\"@id\":\"https:\\\/\\\/www.kuakebicycle.com\\\/da\\\/kk2023-elektrisk-mountainbike\\\/#breadcrumb\"},\"inLanguage\":\"da-DK\",\"potentialAction\":[{\"@type\":\"ReadAction\",\"target\":[\"https:\\\/\\\/www.kuakebicycle.com\\\/da\\\/kk2023-elektrisk-mountainbike\\\/\"]}]},{\"@type\":\"ImageObject\",\"inLanguage\":\"da-DK\",\"@id\":\"https:\\\/\\\/www.kuakebicycle.com\\\/da\\\/kk2023-elektrisk-mountainbike\\\/#primaryimage\",\"url\":\"https:\\\/\\\/www.kuakebicycle.com\\\/wp-content\\\/uploads\\\/2021\\\/09\\\/KK2023-Electric-Mountain-Bike.jpg\",\"contentUrl\":\"https:\\\/\\\/www.kuakebicycle.com\\\/wp-content\\\/uploads\\\/2021\\\/09\\\/KK2023-Electric-Mountain-Bike.jpg\",\"width\":600,\"height\":600,\"caption\":\"KK2023 elektrisk mountainbike\"},{\"@type\":\"BreadcrumbList\",\"@id\":\"https:\\\/\\\/www.kuakebicycle.com\\\/da\\\/kk2023-elektrisk-mountainbike\\\/#breadcrumb\",\"itemListElement\":[{\"@type\":\"ListItem\",\"position\":1,\"name\":\"Home\",\"item\":\"https:\\\/\\\/www.kuakebicycle.com\\\/da\\\/\"},{\"@type\":\"ListItem\",\"position\":2,\"name\":\"Produkter\",\"item\":\"https:\\\/\\\/www.kuakebicycle.com\\\/da\\\/produkter\\\/\"},{\"@type\":\"ListItem\",\"position\":3,\"name\":\"Kk2023 Elektrisk Mountainbike (27,5 Tommer, 1000w Mellemmotor, 672Wh, Fuld Affjedring)\"}]},{\"@type\":\"WebSite\",\"@id\":\"https:\\\/\\\/www.kuakebicycle.com\\\/da\\\/#website\",\"url\":\"https:\\\/\\\/www.kuakebicycle.com\\\/da\\\/\",\"name\":\"Kuake Bicycle\",\"description\":\"\",\"publisher\":{\"@id\":\"https:\\\/\\\/www.kuakebicycle.com\\\/da\\\/#organization\"},\"potentialAction\":[{\"@type\":\"SearchAction\",\"target\":{\"@type\":\"EntryPoint\",\"urlTemplate\":\"https:\\\/\\\/www.kuakebicycle.com\\\/da\\\/?s={search_term_string}\"},\"query-input\":{\"@type\":\"PropertyValueSpecification\",\"valueRequired\":true,\"valueName\":\"search_term_string\"}}],\"inLanguage\":\"da-DK\"},{\"@type\":\"Organization\",\"@id\":\"https:\\\/\\\/www.kuakebicycle.com\\\/da\\\/#organization\",\"name\":\"Kuake Technology\",\"url\":\"https:\\\/\\\/www.kuakebicycle.com\\\/da\\\/\",\"logo\":{\"@type\":\"ImageObject\",\"inLanguage\":\"da-DK\",\"@id\":\"https:\\\/\\\/www.kuakebicycle.com\\\/da\\\/#\\\/schema\\\/logo\\\/image\\\/\",\"url\":\"https:\\\/\\\/www.kuakebicycle.com\\\/wp-content\\\/uploads\\\/2021\\\/03\\\/icon.png\",\"contentUrl\":\"https:\\\/\\\/www.kuakebicycle.com\\\/wp-content\\\/uploads\\\/2021\\\/03\\\/icon.png\",\"width\":100,\"height\":100,\"caption\":\"Kuake Technology\"},\"image\":{\"@id\":\"https:\\\/\\\/www.kuakebicycle.com\\\/da\\\/#\\\/schema\\\/logo\\\/image\\\/\"}}]}<\/script>\n<!-- \/ Yoast SEO plugin. -->","yoast_head_json":{"title":"KK2023 27,5 Tommer Mid Drive Fuld Affjedring 1000w Elektrisk Mountainbike - Kuake Bicycle","description":"Kuake KK2023 er vores mest avancerede elektriske mountainbike, den har en fuld affjedret 27,5 tommer ramme og en kraftig 1000w mid drive motor.","robots":{"index":"index","follow":"follow","max-snippet":"max-snippet:-1","max-image-preview":"max-image-preview:large","max-video-preview":"max-video-preview:-1"},"canonical":"https:\/\/www.kuakebicycle.com\/da\/kk2023-elektrisk-mountainbike\/","og_locale":"da_DK","og_type":"article","og_title":"KK2023 27,5 Tommer Mid Drive Fuld Affjedring 1000w Elektrisk Mountainbike - Kuake Bicycle","og_description":"Kuake KK2023 er vores mest avancerede elektriske mountainbike, den har en fuld affjedret 27,5 tommer ramme og en kraftig 1000w mid drive motor.","og_url":"https:\/\/www.kuakebicycle.com\/da\/kk2023-elektrisk-mountainbike\/","og_site_name":"Kuake Bicycle","article_modified_time":"2022-03-30T10:46:35+00:00","og_image":[{"width":600,"height":600,"url":"https:\/\/www.kuakebicycle.com\/wp-content\/uploads\/2021\/09\/KK2023-Electric-Mountain-Bike.jpg","type":"image\/jpeg"}],"twitter_card":"summary_large_image","twitter_misc":{"Estimeret l\u00e6setid":"1 minut"},"schema":{"@context":"https:\/\/schema.org","@graph":[{"@type":"WebPage","@id":"https:\/\/www.kuakebicycle.com\/da\/kk2023-elektrisk-mountainbike\/","url":"https:\/\/www.kuakebicycle.com\/da\/kk2023-elektrisk-mountainbike\/","name":"KK2023 27,5 Tommer Mid Drive Fuld Affjedring 1000w Elektrisk Mountainbike - Kuake Bicycle","isPartOf":{"@id":"https:\/\/www.kuakebicycle.com\/da\/#website"},"primaryImageOfPage":{"@id":"https:\/\/www.kuakebicycle.com\/da\/kk2023-elektrisk-mountainbike\/#primaryimage"},"image":{"@id":"https:\/\/www.kuakebicycle.com\/da\/kk2023-elektrisk-mountainbike\/#primaryimage"},"thumbnailUrl":"https:\/\/www.kuakebicycle.com\/wp-content\/uploads\/2021\/09\/KK2023-Electric-Mountain-Bike.jpg","datePublished":"2021-09-24T03:41:45+00:00","dateModified":"2022-03-30T10:46:35+00:00","description":"Kuake KK2023 er vores mest avancerede elektriske mountainbike, den har en fuld affjedret 27,5 tommer ramme og en kraftig 1000w mid drive motor.","breadcrumb":{"@id":"https:\/\/www.kuakebicycle.com\/da\/kk2023-elektrisk-mountainbike\/#breadcrumb"},"inLanguage":"da-DK","potentialAction":[{"@type":"ReadAction","target":["https:\/\/www.kuakebicycle.com\/da\/kk2023-elektrisk-mountainbike\/"]}]},{"@type":"ImageObject","inLanguage":"da-DK","@id":"https:\/\/www.kuakebicycle.com\/da\/kk2023-elektrisk-mountainbike\/#primaryimage","url":"https:\/\/www.kuakebicycle.com\/wp-content\/uploads\/2021\/09\/KK2023-Electric-Mountain-Bike.jpg","contentUrl":"https:\/\/www.kuakebicycle.com\/wp-content\/uploads\/2021\/09\/KK2023-Electric-Mountain-Bike.jpg","width":600,"height":600,"caption":"KK2023 elektrisk mountainbike"},{"@type":"BreadcrumbList","@id":"https:\/\/www.kuakebicycle.com\/da\/kk2023-elektrisk-mountainbike\/#breadcrumb","itemListElement":[{"@type":"ListItem","position":1,"name":"Home","item":"https:\/\/www.kuakebicycle.com\/da\/"},{"@type":"ListItem","position":2,"name":"Produkter","item":"https:\/\/www.kuakebicycle.com\/da\/produkter\/"},{"@type":"ListItem","position":3,"name":"Kk2023 Elektrisk Mountainbike (27,5 Tommer, 1000w Mellemmotor, 672Wh, Fuld Affjedring)"}]},{"@type":"WebSite","@id":"https:\/\/www.kuakebicycle.com\/da\/#website","url":"https:\/\/www.kuakebicycle.com\/da\/","name":"Kuake Bicycle","description":"","publisher":{"@id":"https:\/\/www.kuakebicycle.com\/da\/#organization"},"potentialAction":[{"@type":"SearchAction","target":{"@type":"EntryPoint","urlTemplate":"https:\/\/www.kuakebicycle.com\/da\/?s={search_term_string}"},"query-input":{"@type":"PropertyValueSpecification","valueRequired":true,"valueName":"search_term_string"}}],"inLanguage":"da-DK"},{"@type":"Organization","@id":"https:\/\/www.kuakebicycle.com\/da\/#organization","name":"Kuake Technology","url":"https:\/\/www.kuakebicycle.com\/da\/","logo":{"@type":"ImageObject","inLanguage":"da-DK","@id":"https:\/\/www.kuakebicycle.com\/da\/#\/schema\/logo\/image\/","url":"https:\/\/www.kuakebicycle.com\/wp-content\/uploads\/2021\/03\/icon.png","contentUrl":"https:\/\/www.kuakebicycle.com\/wp-content\/uploads\/2021\/03\/icon.png","width":100,"height":100,"caption":"Kuake Technology"},"image":{"@id":"https:\/\/www.kuakebicycle.com\/da\/#\/schema\/logo\/image\/"}}]}},"_links":{"self":[{"href":"https:\/\/www.kuakebicycle.com\/da\/wp-json\/wp\/v2\/product\/11358","targetHints":{"allow":["GET"]}}],"collection":[{"href":"https:\/\/www.kuakebicycle.com\/da\/wp-json\/wp\/v2\/product"}],"about":[{"href":"https:\/\/www.kuakebicycle.com\/da\/wp-json\/wp\/v2\/types\/product"}],"replies":[{"embeddable":true,"href":"https:\/\/www.kuakebicycle.com\/da\/wp-json\/wp\/v2\/comments?post=11358"}],"wp:featuredmedia":[{"embeddable":true,"href":"https:\/\/www.kuakebicycle.com\/da\/wp-json\/wp\/v2\/media\/11349"}],"wp:attachment":[{"href":"https:\/\/www.kuakebicycle.com\/da\/wp-json\/wp\/v2\/media?parent=11358"}],"wp:term":[{"taxonomy":"product_brand","embeddable":true,"href":"https:\/\/www.kuakebicycle.com\/da\/wp-json\/wp\/v2\/product_brand?post=11358"},{"taxonomy":"product_cat","embeddable":true,"href":"https:\/\/www.kuakebicycle.com\/da\/wp-json\/wp\/v2\/product_cat?post=11358"},{"taxonomy":"product_tag","embeddable":true,"href":"https:\/\/www.kuakebicycle.com\/da\/wp-json\/wp\/v2\/product_tag?post=11358"}],"curies":[{"name":"wp","href":"https:\/\/api.w.org\/{rel}","templated":true}]}}