{"id":10205,"date":"2021-03-26T06:11:36","date_gmt":"2021-08-04T08:05:52","guid":{"rendered":"https:\/\/www.kuakebicycle.com\/kk9058-elektrisk-bycykel-250w-10ah-6-hastigheder\/"},"modified":"2021-12-30T04:02:08","modified_gmt":"2021-12-30T04:02:08","slug":"kk9058-elektrisk-city-cykel","status":"publish","type":"product","link":"https:\/\/www.kuakebicycle.com\/da\/kk9058-elektrisk-city-cykel\/","title":{"rendered":"KK9058 Elektrisk Bycykel Til Herre (250W, 10Ah, 6 hastigheder)"},"content":{"rendered":"<table border=\"1\" width=\"556\">\n<tbody>\n<tr>\n<td style=\"text-align: center;\" colspan=\"2\" bgcolor=\"#d9edf7\"><strong>Cykel specifikationer<\/strong><\/td>\n<\/tr>\n<tr>\n<td bgcolor=\"#f5f2f2\" width=\"275\"><strong>Model nr.<\/strong><\/td>\n<td width=\"281\">KK9058<\/td>\n<\/tr>\n<tr>\n<td bgcolor=\"#f5f2f2\" width=\"275\"><strong>Nettov\u00e6gt<\/strong><\/td>\n<td width=\"281\">30KG<\/td>\n<\/tr>\n<tr>\n<td bgcolor=\"#f5f2f2\" width=\"275\"><strong>Bruttov\u00e6gt<\/strong><\/td>\n<td width=\"281\">35KG<\/td>\n<\/tr>\n<tr>\n<td bgcolor=\"#f5f2f2\" width=\"275\"><strong>Ramme<\/strong><\/td>\n<td width=\"281\">Aluminiumslegering<\/td>\n<\/tr>\n<tr>\n<td bgcolor=\"#f5f2f2\" width=\"275\"><strong>Gaffel<\/strong><\/td>\n<td width=\"281\">ZOOM sing affjedring aluminiumslegering gaffel<\/td>\n<\/tr>\n<tr>\n<td bgcolor=\"#f5f2f2\" width=\"275\"><strong>Gear<\/strong><\/td>\n<td width=\"281\">Shimano 6 hastigheder<\/td>\n<\/tr>\n<tr>\n<td bgcolor=\"#f5f2f2\" width=\"275\"><strong>Skifter<\/strong><\/td>\n<td width=\"281\">6 hastighed<\/td>\n<\/tr>\n<tr>\n<td bgcolor=\"#f5f2f2\" width=\"275\"><strong>Gratis hjul<\/strong><\/td>\n<td width=\"281\">6 hastighed<\/td>\n<\/tr>\n<tr>\n<td bgcolor=\"#f5f2f2\" width=\"275\"><strong>Forbremse<\/strong><\/td>\n<td width=\"281\">TEKTRO Mekanisk skivebremse<\/td>\n<\/tr>\n<tr>\n<td bgcolor=\"#f5f2f2\" width=\"275\"><strong>Bagbremse<\/strong><\/td>\n<td width=\"281\">TEKTRO Mekanisk skivebremse<\/td>\n<\/tr>\n<tr>\n<td bgcolor=\"#f5f2f2\" width=\"275\"><strong>Pedaler<\/strong><\/td>\n<td width=\"281\">Pedallegeret aluminium med reflektor<\/td>\n<\/tr>\n<tr>\n<td bgcolor=\"#f5f2f2\" width=\"275\"><strong>Rim<\/strong><\/td>\n<td width=\"281\">Aluminiumslegering<\/td>\n<\/tr>\n<tr>\n<td bgcolor=\"#f5f2f2\" width=\"275\"><strong>D\u00e6k<\/strong><\/td>\n<td width=\"281\">700C*40C<\/td>\n<\/tr>\n<tr>\n<td bgcolor=\"#f5f2f2\" width=\"275\"><strong>Eger<\/strong><\/td>\n<td width=\"281\">13 g rustfrit st\u00e5l<\/td>\n<\/tr>\n<tr>\n<td bgcolor=\"#f5f2f2\" width=\"275\"><strong>Styr<\/strong><\/td>\n<td width=\"281\">Legeret aluminium, sportsmodel<\/td>\n<\/tr>\n<tr>\n<td bgcolor=\"#f5f2f2\" width=\"275\"><strong>Stilk<\/strong><\/td>\n<td width=\"281\">Legeret aluminium<\/td>\n<\/tr>\n<tr>\n<td bgcolor=\"#f5f2f2\" width=\"275\"><strong>Greb<\/strong><\/td>\n<td width=\"281\">TC-G107A<\/td>\n<\/tr>\n<tr>\n<td bgcolor=\"#f5f2f2\" width=\"275\"><strong>Bremseh\u00e5ndtag<\/strong><\/td>\n<td width=\"281\">LE-52A legering<\/td>\n<\/tr>\n<tr>\n<td bgcolor=\"#f5f2f2\" width=\"275\"><strong>Sadel<\/strong><\/td>\n<td width=\"281\">Bl\u00f8d behagelig<\/td>\n<\/tr>\n<tr>\n<td bgcolor=\"#f5f2f2\" width=\"275\"><strong>Kickstand<\/strong><\/td>\n<td width=\"281\">CL-KA66, legering<\/td>\n<\/tr>\n<tr>\n<td bgcolor=\"#f5f2f2\" width=\"275\"><strong>L\u00e6nke<\/strong><\/td>\n<td width=\"281\">KMC<\/td>\n<\/tr>\n<tr>\n<td style=\"text-align: center;\" colspan=\"2\" bgcolor=\"#d9edf7\"><strong>Elektrisk system<\/strong><\/td>\n<\/tr>\n<tr>\n<td bgcolor=\"#f5f2f2\" width=\"275\"><strong>Batteri<\/strong><\/td>\n<td width=\"281\">36V10AH litiumbatterier<\/td>\n<\/tr>\n<tr>\n<td bgcolor=\"#f5f2f2\" width=\"275\"><strong>Oplader<\/strong><\/td>\n<td width=\"281\">AC 100-240V Smart oplader<\/td>\n<\/tr>\n<tr>\n<td bgcolor=\"#f5f2f2\" width=\"275\"><strong>Opladningstid<\/strong><\/td>\n<td width=\"281\">4 ~ 6 timer<\/td>\n<\/tr>\n<tr>\n<td bgcolor=\"#f5f2f2\" width=\"275\"><strong>Genopladningstider<\/strong><\/td>\n<td width=\"281\">800 ~ 1000 gange<\/td>\n<\/tr>\n<tr>\n<td bgcolor=\"#f5f2f2\" width=\"275\"><strong>Motoreffekt<\/strong><\/td>\n<td width=\"281\">36V 250W<\/td>\n<\/tr>\n<tr>\n<td bgcolor=\"#f5f2f2\" width=\"275\"><strong>Controller<\/strong><\/td>\n<td width=\"281\">36V\/12A<\/td>\n<\/tr>\n<tr>\n<td bgcolor=\"#f5f2f2\" width=\"275\"><strong>Sk\u00e6rm<\/strong><\/td>\n<td width=\"281\">LCD display<\/td>\n<\/tr>\n<tr>\n<td bgcolor=\"#f5f2f2\" width=\"275\"><strong>H\u00f8jeste hastighed<\/strong><\/td>\n<td width=\"281\">25Km\/H<\/td>\n<\/tr>\n<tr>\n<td bgcolor=\"#f5f2f2\" width=\"275\"><strong>Afstand mod gebyr<\/strong><\/td>\n<td width=\"281\">31~60km<\/td>\n<\/tr>\n<tr>\n<td style=\"text-align: center;\" colspan=\"2\" bgcolor=\"#d9edf7\"><strong>Forsendelsesdetaljer<\/strong><\/td>\n<\/tr>\n<tr>\n<td bgcolor=\"#f5f2f2\" width=\"275\"><strong>Pakningsst\u00f8rrelse<\/strong><\/td>\n<td width=\"281\">148*24*87cm<\/td>\n<\/tr>\n<tr>\n<td bgcolor=\"#f5f2f2\" width=\"275\"><strong>40&#8243; Hq(Pcs)<\/strong><\/td>\n<td width=\"281\">210pcs<\/td>\n<\/tr>\n<tr>\n<td bgcolor=\"#f5f2f2\" width=\"275\"><strong>20&#8243; Hq(Pcs)<\/strong><\/td>\n<td width=\"281\">82pcs<\/td>\n<\/tr>\n<\/tbody>\n<\/table>\n","protected":false},"excerpt":{"rendered":"<ul>\n<li><strong>Stel<\/strong>: H\u00f8jstyrke 100% 6061 aluminiumslegering design, maks belastning kan n\u00e5s 300Lbs.<\/li>\n<li><strong>Motor<\/strong>: 36V\/250W h\u00f8jhastigheds b\u00f8rstel\u00f8s bagmotor giver mere end nok effekt, maks hastighed kan n\u00e5s 25 km\/t.<\/li>\n<li><strong>Batteri<\/strong>: 36V\/10AH aftageligt lithiumbatteri, opladningstid: 4 ~ 6 timer, batterilevetid: 800 ~ 1000 cyklusser.<\/li>\n<li><strong>Bremse<\/strong>: TEKTRO mekaniske skivebremser for og bag p\u00e5virkes ikke af vejrlig og yder kraftig, progressiv bremsning.<\/li>\n<li><strong>Shifters<\/strong>: Shimano 6-speed transmission system sikrer den forskellige hastighedsoplevelse, som du skal k\u00f8re.<\/li>\n<li><strong>Ridefunktion<\/strong>: ren elektrisk, pedalassistent (PAS) og normal cykel.<\/li>\n<\/ul>\n","protected":false},"featured_media":10206,"comment_status":"closed","ping_status":"closed","template":"","meta":{"site-sidebar-layout":"default","site-content-layout":"default","ast-site-content-layout":"default","site-content-style":"default","site-sidebar-style":"default","ast-global-header-display":"","ast-banner-title-visibility":"","ast-main-header-display":"","ast-hfb-above-header-display":"","ast-hfb-below-header-display":"","ast-hfb-mobile-header-display":"","site-post-title":"","ast-breadcrumbs-content":"","ast-featured-img":"","footer-sml-layout":"","ast-disable-related-posts":"","theme-transparent-header-meta":"default","adv-header-id-meta":"","stick-header-meta":"default","header-above-stick-meta":"","header-main-stick-meta":"","header-below-stick-meta":"","astra-migrate-meta-layouts":"default","ast-page-background-enabled":"default","ast-page-background-meta":{"desktop":{"background-color":"","background-image":"","background-repeat":"repeat","background-position":"center center","background-size":"auto","background-attachment":"scroll","background-type":"","background-media":"","overlay-type":"","overlay-color":"","overlay-opacity":"","overlay-gradient":""},"tablet":{"background-color":"","background-image":"","background-repeat":"repeat","background-position":"center center","background-size":"auto","background-attachment":"scroll","background-type":"","background-media":"","overlay-type":"","overlay-color":"","overlay-opacity":"","overlay-gradient":""},"mobile":{"background-color":"","background-image":"","background-repeat":"repeat","background-position":"center center","background-size":"auto","background-attachment":"scroll","background-type":"","background-media":"","overlay-type":"","overlay-color":"","overlay-opacity":"","overlay-gradient":""}},"ast-content-background-meta":{"desktop":{"background-color":"var(--ast-global-color-5)","background-image":"","background-repeat":"repeat","background-position":"center center","background-size":"auto","background-attachment":"scroll","background-type":"","background-media":"","overlay-type":"","overlay-color":"","overlay-opacity":"","overlay-gradient":""},"tablet":{"background-color":"var(--ast-global-color-5)","background-image":"","background-repeat":"repeat","background-position":"center center","background-size":"auto","background-attachment":"scroll","background-type":"","background-media":"","overlay-type":"","overlay-color":"","overlay-opacity":"","overlay-gradient":""},"mobile":{"background-color":"var(--ast-global-color-5)","background-image":"","background-repeat":"repeat","background-position":"center center","background-size":"auto","background-attachment":"scroll","background-type":"","background-media":"","overlay-type":"","overlay-color":"","overlay-opacity":"","overlay-gradient":""}}},"product_brand":[],"product_cat":[169],"product_tag":[],"class_list":{"0":"post-10205","1":"product","2":"type-product","3":"status-publish","4":"has-post-thumbnail","6":"product_cat-city-elcykel","7":"desktop-align-left","8":"tablet-align-left","9":"mobile-align-left","10":"ast-product-gallery-layout-horizontal","11":"ast-product-tabs-layout-horizontal","12":"ast-qv-on-image","14":"first","15":"instock","16":"shipping-taxable","17":"product-type-simple"},"yoast_head":"<!-- This site is optimized with the Yoast SEO plugin v27.4 - https:\/\/yoast.com\/product\/yoast-seo-wordpress\/ -->\n<title>Billige City Elcykel Til Herre KK9058 - Kuake Bicycle<\/title>\n<meta name=\"description\" content=\"Denne billige m\u00e6nds elektriske city cykel kan hj\u00e6lpe dig med at finde en god elcykel i det rigtige budget.\" \/>\n<meta name=\"robots\" content=\"index, follow, max-snippet:-1, max-image-preview:large, max-video-preview:-1\" \/>\n<link rel=\"canonical\" href=\"https:\/\/www.kuakebicycle.com\/da\/kk9058-elektrisk-city-cykel\/\" \/>\n<meta property=\"og:locale\" content=\"da_DK\" \/>\n<meta property=\"og:type\" content=\"article\" \/>\n<meta property=\"og:title\" content=\"Billige City Elcykel Til Herre KK9058 - Kuake Bicycle\" \/>\n<meta property=\"og:description\" content=\"Denne billige m\u00e6nds elektriske city cykel kan hj\u00e6lpe dig med at finde en god elcykel i det rigtige budget.\" \/>\n<meta property=\"og:url\" content=\"https:\/\/www.kuakebicycle.com\/da\/kk9058-elektrisk-city-cykel\/\" \/>\n<meta property=\"og:site_name\" content=\"Kuake Bicycle\" \/>\n<meta property=\"article:modified_time\" content=\"2021-12-30T04:02:08+00:00\" \/>\n<meta property=\"og:image\" content=\"https:\/\/www.kuakebicycle.com\/wp-content\/uploads\/2021\/03\/KK9058-Black-Electric-City-Bike.jpg\" \/>\n\t<meta property=\"og:image:width\" content=\"600\" \/>\n\t<meta property=\"og:image:height\" content=\"600\" \/>\n\t<meta property=\"og:image:type\" content=\"image\/jpeg\" \/>\n<meta name=\"twitter:card\" content=\"summary_large_image\" \/>\n<meta name=\"twitter:label1\" content=\"Estimeret l\u00e6setid\" \/>\n\t<meta name=\"twitter:data1\" content=\"1 minut\" \/>\n<script type=\"application\/ld+json\" class=\"yoast-schema-graph\">{\"@context\":\"https:\\\/\\\/schema.org\",\"@graph\":[{\"@type\":\"WebPage\",\"@id\":\"https:\\\/\\\/www.kuakebicycle.com\\\/da\\\/kk9058-elektrisk-city-cykel\\\/\",\"url\":\"https:\\\/\\\/www.kuakebicycle.com\\\/da\\\/kk9058-elektrisk-city-cykel\\\/\",\"name\":\"Billige City Elcykel Til Herre KK9058 - Kuake Bicycle\",\"isPartOf\":{\"@id\":\"https:\\\/\\\/www.kuakebicycle.com\\\/da\\\/#website\"},\"primaryImageOfPage\":{\"@id\":\"https:\\\/\\\/www.kuakebicycle.com\\\/da\\\/kk9058-elektrisk-city-cykel\\\/#primaryimage\"},\"image\":{\"@id\":\"https:\\\/\\\/www.kuakebicycle.com\\\/da\\\/kk9058-elektrisk-city-cykel\\\/#primaryimage\"},\"thumbnailUrl\":\"https:\\\/\\\/www.kuakebicycle.com\\\/wp-content\\\/uploads\\\/2021\\\/03\\\/KK9058-Black-Electric-City-Bike.jpg\",\"datePublished\":\"2021-08-04T08:05:52+00:00\",\"dateModified\":\"2021-12-30T04:02:08+00:00\",\"description\":\"Denne billige m\u00e6nds elektriske city cykel kan hj\u00e6lpe dig med at finde en god elcykel i det rigtige budget.\",\"breadcrumb\":{\"@id\":\"https:\\\/\\\/www.kuakebicycle.com\\\/da\\\/kk9058-elektrisk-city-cykel\\\/#breadcrumb\"},\"inLanguage\":\"da-DK\",\"potentialAction\":[{\"@type\":\"ReadAction\",\"target\":[\"https:\\\/\\\/www.kuakebicycle.com\\\/da\\\/kk9058-elektrisk-city-cykel\\\/\"]}]},{\"@type\":\"ImageObject\",\"inLanguage\":\"da-DK\",\"@id\":\"https:\\\/\\\/www.kuakebicycle.com\\\/da\\\/kk9058-elektrisk-city-cykel\\\/#primaryimage\",\"url\":\"https:\\\/\\\/www.kuakebicycle.com\\\/wp-content\\\/uploads\\\/2021\\\/03\\\/KK9058-Black-Electric-City-Bike.jpg\",\"contentUrl\":\"https:\\\/\\\/www.kuakebicycle.com\\\/wp-content\\\/uploads\\\/2021\\\/03\\\/KK9058-Black-Electric-City-Bike.jpg\",\"width\":600,\"height\":600,\"caption\":\"KK9058 Sort elektrisk bycykel\"},{\"@type\":\"BreadcrumbList\",\"@id\":\"https:\\\/\\\/www.kuakebicycle.com\\\/da\\\/kk9058-elektrisk-city-cykel\\\/#breadcrumb\",\"itemListElement\":[{\"@type\":\"ListItem\",\"position\":1,\"name\":\"Home\",\"item\":\"https:\\\/\\\/www.kuakebicycle.com\\\/da\\\/\"},{\"@type\":\"ListItem\",\"position\":2,\"name\":\"Produkter\",\"item\":\"https:\\\/\\\/www.kuakebicycle.com\\\/da\\\/produkter\\\/\"},{\"@type\":\"ListItem\",\"position\":3,\"name\":\"KK9058 Elektrisk Bycykel Til Herre (250W, 10Ah, 6 hastigheder)\"}]},{\"@type\":\"WebSite\",\"@id\":\"https:\\\/\\\/www.kuakebicycle.com\\\/da\\\/#website\",\"url\":\"https:\\\/\\\/www.kuakebicycle.com\\\/da\\\/\",\"name\":\"Kuake Bicycle\",\"description\":\"\",\"publisher\":{\"@id\":\"https:\\\/\\\/www.kuakebicycle.com\\\/da\\\/#organization\"},\"potentialAction\":[{\"@type\":\"SearchAction\",\"target\":{\"@type\":\"EntryPoint\",\"urlTemplate\":\"https:\\\/\\\/www.kuakebicycle.com\\\/da\\\/?s={search_term_string}\"},\"query-input\":{\"@type\":\"PropertyValueSpecification\",\"valueRequired\":true,\"valueName\":\"search_term_string\"}}],\"inLanguage\":\"da-DK\"},{\"@type\":\"Organization\",\"@id\":\"https:\\\/\\\/www.kuakebicycle.com\\\/da\\\/#organization\",\"name\":\"Kuake Technology\",\"url\":\"https:\\\/\\\/www.kuakebicycle.com\\\/da\\\/\",\"logo\":{\"@type\":\"ImageObject\",\"inLanguage\":\"da-DK\",\"@id\":\"https:\\\/\\\/www.kuakebicycle.com\\\/da\\\/#\\\/schema\\\/logo\\\/image\\\/\",\"url\":\"https:\\\/\\\/www.kuakebicycle.com\\\/wp-content\\\/uploads\\\/2021\\\/03\\\/icon.png\",\"contentUrl\":\"https:\\\/\\\/www.kuakebicycle.com\\\/wp-content\\\/uploads\\\/2021\\\/03\\\/icon.png\",\"width\":100,\"height\":100,\"caption\":\"Kuake Technology\"},\"image\":{\"@id\":\"https:\\\/\\\/www.kuakebicycle.com\\\/da\\\/#\\\/schema\\\/logo\\\/image\\\/\"}}]}<\/script>\n<!-- \/ Yoast SEO plugin. -->","yoast_head_json":{"title":"Billige City Elcykel Til Herre KK9058 - Kuake Bicycle","description":"Denne billige m\u00e6nds elektriske city cykel kan hj\u00e6lpe dig med at finde en god elcykel i det rigtige budget.","robots":{"index":"index","follow":"follow","max-snippet":"max-snippet:-1","max-image-preview":"max-image-preview:large","max-video-preview":"max-video-preview:-1"},"canonical":"https:\/\/www.kuakebicycle.com\/da\/kk9058-elektrisk-city-cykel\/","og_locale":"da_DK","og_type":"article","og_title":"Billige City Elcykel Til Herre KK9058 - Kuake Bicycle","og_description":"Denne billige m\u00e6nds elektriske city cykel kan hj\u00e6lpe dig med at finde en god elcykel i det rigtige budget.","og_url":"https:\/\/www.kuakebicycle.com\/da\/kk9058-elektrisk-city-cykel\/","og_site_name":"Kuake Bicycle","article_modified_time":"2021-12-30T04:02:08+00:00","og_image":[{"width":600,"height":600,"url":"https:\/\/www.kuakebicycle.com\/wp-content\/uploads\/2021\/03\/KK9058-Black-Electric-City-Bike.jpg","type":"image\/jpeg"}],"twitter_card":"summary_large_image","twitter_misc":{"Estimeret l\u00e6setid":"1 minut"},"schema":{"@context":"https:\/\/schema.org","@graph":[{"@type":"WebPage","@id":"https:\/\/www.kuakebicycle.com\/da\/kk9058-elektrisk-city-cykel\/","url":"https:\/\/www.kuakebicycle.com\/da\/kk9058-elektrisk-city-cykel\/","name":"Billige City Elcykel Til Herre KK9058 - Kuake Bicycle","isPartOf":{"@id":"https:\/\/www.kuakebicycle.com\/da\/#website"},"primaryImageOfPage":{"@id":"https:\/\/www.kuakebicycle.com\/da\/kk9058-elektrisk-city-cykel\/#primaryimage"},"image":{"@id":"https:\/\/www.kuakebicycle.com\/da\/kk9058-elektrisk-city-cykel\/#primaryimage"},"thumbnailUrl":"https:\/\/www.kuakebicycle.com\/wp-content\/uploads\/2021\/03\/KK9058-Black-Electric-City-Bike.jpg","datePublished":"2021-08-04T08:05:52+00:00","dateModified":"2021-12-30T04:02:08+00:00","description":"Denne billige m\u00e6nds elektriske city cykel kan hj\u00e6lpe dig med at finde en god elcykel i det rigtige budget.","breadcrumb":{"@id":"https:\/\/www.kuakebicycle.com\/da\/kk9058-elektrisk-city-cykel\/#breadcrumb"},"inLanguage":"da-DK","potentialAction":[{"@type":"ReadAction","target":["https:\/\/www.kuakebicycle.com\/da\/kk9058-elektrisk-city-cykel\/"]}]},{"@type":"ImageObject","inLanguage":"da-DK","@id":"https:\/\/www.kuakebicycle.com\/da\/kk9058-elektrisk-city-cykel\/#primaryimage","url":"https:\/\/www.kuakebicycle.com\/wp-content\/uploads\/2021\/03\/KK9058-Black-Electric-City-Bike.jpg","contentUrl":"https:\/\/www.kuakebicycle.com\/wp-content\/uploads\/2021\/03\/KK9058-Black-Electric-City-Bike.jpg","width":600,"height":600,"caption":"KK9058 Sort elektrisk bycykel"},{"@type":"BreadcrumbList","@id":"https:\/\/www.kuakebicycle.com\/da\/kk9058-elektrisk-city-cykel\/#breadcrumb","itemListElement":[{"@type":"ListItem","position":1,"name":"Home","item":"https:\/\/www.kuakebicycle.com\/da\/"},{"@type":"ListItem","position":2,"name":"Produkter","item":"https:\/\/www.kuakebicycle.com\/da\/produkter\/"},{"@type":"ListItem","position":3,"name":"KK9058 Elektrisk Bycykel Til Herre (250W, 10Ah, 6 hastigheder)"}]},{"@type":"WebSite","@id":"https:\/\/www.kuakebicycle.com\/da\/#website","url":"https:\/\/www.kuakebicycle.com\/da\/","name":"Kuake Bicycle","description":"","publisher":{"@id":"https:\/\/www.kuakebicycle.com\/da\/#organization"},"potentialAction":[{"@type":"SearchAction","target":{"@type":"EntryPoint","urlTemplate":"https:\/\/www.kuakebicycle.com\/da\/?s={search_term_string}"},"query-input":{"@type":"PropertyValueSpecification","valueRequired":true,"valueName":"search_term_string"}}],"inLanguage":"da-DK"},{"@type":"Organization","@id":"https:\/\/www.kuakebicycle.com\/da\/#organization","name":"Kuake Technology","url":"https:\/\/www.kuakebicycle.com\/da\/","logo":{"@type":"ImageObject","inLanguage":"da-DK","@id":"https:\/\/www.kuakebicycle.com\/da\/#\/schema\/logo\/image\/","url":"https:\/\/www.kuakebicycle.com\/wp-content\/uploads\/2021\/03\/icon.png","contentUrl":"https:\/\/www.kuakebicycle.com\/wp-content\/uploads\/2021\/03\/icon.png","width":100,"height":100,"caption":"Kuake Technology"},"image":{"@id":"https:\/\/www.kuakebicycle.com\/da\/#\/schema\/logo\/image\/"}}]}},"_links":{"self":[{"href":"https:\/\/www.kuakebicycle.com\/da\/wp-json\/wp\/v2\/product\/10205","targetHints":{"allow":["GET"]}}],"collection":[{"href":"https:\/\/www.kuakebicycle.com\/da\/wp-json\/wp\/v2\/product"}],"about":[{"href":"https:\/\/www.kuakebicycle.com\/da\/wp-json\/wp\/v2\/types\/product"}],"replies":[{"embeddable":true,"href":"https:\/\/www.kuakebicycle.com\/da\/wp-json\/wp\/v2\/comments?post=10205"}],"wp:featuredmedia":[{"embeddable":true,"href":"https:\/\/www.kuakebicycle.com\/da\/wp-json\/wp\/v2\/media\/10206"}],"wp:attachment":[{"href":"https:\/\/www.kuakebicycle.com\/da\/wp-json\/wp\/v2\/media?parent=10205"}],"wp:term":[{"taxonomy":"product_brand","embeddable":true,"href":"https:\/\/www.kuakebicycle.com\/da\/wp-json\/wp\/v2\/product_brand?post=10205"},{"taxonomy":"product_cat","embeddable":true,"href":"https:\/\/www.kuakebicycle.com\/da\/wp-json\/wp\/v2\/product_cat?post=10205"},{"taxonomy":"product_tag","embeddable":true,"href":"https:\/\/www.kuakebicycle.com\/da\/wp-json\/wp\/v2\/product_tag?post=10205"}],"curies":[{"name":"wp","href":"https:\/\/api.w.org\/{rel}","templated":true}]}}