{"id":8725,"date":"2021-08-03T02:10:16","date_gmt":"2021-08-03T02:10:16","guid":{"rendered":"https:\/\/www.kuakebicycle.com\/om-os\/"},"modified":"2022-01-06T08:57:44","modified_gmt":"2022-01-06T08:57:44","slug":"om-os","status":"publish","type":"page","link":"https:\/\/www.kuakebicycle.com\/da\/om-os\/","title":{"rendered":"Om os"},"content":{"rendered":"\n<h2>\n\t\tOm os\n\t<\/h2>\n\t<ul>\n\t\t<li>\t\t\n\t\t\t\t<img decoding=\"async\" src=\"https:\/\/www.kuakebicycle.com\/wp-content\/uploads\/2017\/07\/big-diamond40x40-free-img.png\" alt=\"big-diamond(40x40)\" itemprop=\"image\"\/>\n\t\t<h4>Mission<\/h4><p>Vi leverer OEM-, ODM- og OBM -tjenester, hj\u00e6lper kunderne med at designe cykeldelene i henhold til s\u00e6rlige krav.<\/p><\/li><li>\t\t\n\t\t\t\t<img decoding=\"async\" src=\"https:\/\/www.kuakebicycle.com\/wp-content\/uploads\/2017\/07\/sight40x40-free-img.png\" alt=\"sight(40x40)\" itemprop=\"image\"\/>\n\t\t<h4>Vision<\/h4><p>Hvert element i Kuake e-cyklen blev designet, konstrueret og fremstillet efter de strengeste standarder.<\/p><\/li><li>\t\t\n\t\t\t\t<img decoding=\"async\" src=\"https:\/\/www.kuakebicycle.com\/wp-content\/uploads\/2017\/07\/gift40x40-free-img.png\" alt=\"gift(40x40)\" itemprop=\"image\"\/>\n\t\t<h4>V\u00e6rdier<\/h4><p>Vi byder kunder og erhvervsforeninger fra alle dele af verden velkommen til at kontakte os for samarbejde.<\/p><\/li>\t<\/ul>\n\t<p><strong>1. Introducer<\/strong><\/p>\n<p>Jiangsu Kuake Technology Co., Ltd. blev grundlagt i 2009, som er en producent af elektriske cykler og trikes med veludstyrede testfaciliteter og en st\u00e6rk teknisk kraft.<\/p>\n<p>Baseret p\u00e5 markedsunders\u00f8gelser og feedback fra kunder, arbejder vores F &amp; U -afdeling p\u00e5 elektriske cykler og trehjulede cykler, der er innovative og unikke.<\/p>\n\t\t\t\t<img loading=\"lazy\" decoding=\"async\" src=\"https:\/\/www.kuakebicycle.com\/wp-content\/uploads\/2021\/03\/Company-Introduction.jpg\" alt=\"firma introduktion\" itemprop=\"image\" height=\"388\" width=\"733\" title=\"firma introduktion\" onerror=\"this.style.display='none'\"  \/>\n\t<p><strong>2. Produktionsv\u00e6rksted<\/strong><\/p>\n<p>Alle produktdele til eksport kan opfylde internationale kvalitetsstandarder, s\u00e5som CE, E\u00d8F, EN, EMC, ROSH osv.<\/p>\n<p>Vi leverer OEM-, ODM- og OBM -tjenester, hj\u00e6lper kunderne med at designe cykeldelene i henhold til s\u00e6rlige krav.<\/p>\n<p>Hvert element i Kuake e-cyklerne blev designet, konstrueret og fremstillet efter de strengeste standarder. De er samlet og vejtestet strengt.<\/p>\n<p>Garanterer stabil og rettidig levering, trov\u00e6rdig kvalitet og oprigtig service, vores produkter s\u00e6lger godt i b\u00e5de indenlandske og omkring 48 overs\u00f8iske lande.<\/p>\n\t\t\t\t<img loading=\"lazy\" decoding=\"async\" src=\"https:\/\/www.kuakebicycle.com\/wp-content\/uploads\/2021\/03\/Workshop.jpg\" alt=\"V\u00e6rksted\" itemprop=\"image\" height=\"450\" width=\"649\" title=\"V\u00e6rksted\" onerror=\"this.style.display='none'\"  \/>\n\t<p><strong>3. Lagerinventar<\/strong><\/p>\n<p>Leveringshastighed er en af de mest serviceindikatorer for Kuake Technology Co., Ltd. Vi har et t\u00e6t samarbejde med kendte leverand\u00f8rer og producenter af elektriske cykler og trike-komponenter over hele verden.<\/p>\n<p>Derudover har vi ogs\u00e5 et stort lager for at sikre vores kunder rettidig levering og god eftersalgsservice.<\/p>\n<p>Kontakt os venligst for at foresp\u00f8rge om leveringstiden for de specifikke modeller.<\/p>\n\t\t\t\t<img loading=\"lazy\" decoding=\"async\" src=\"https:\/\/www.kuakebicycle.com\/wp-content\/uploads\/2021\/03\/Warehouse.jpg\" alt=\"Lager\" itemprop=\"image\" height=\"480\" width=\"646\" title=\"Lager\" onerror=\"this.style.display='none'\"  \/>\n\t<p><strong>4. Samarbejde<\/strong><\/p>\n<p>V\u00e6r lidt bekymret, f\u00e5 det st\u00f8rste afkast, vi kan tjene flere penge.<\/p>\n<p>Gennem ni \u00e5rs indsats har vores \u00e5rlige produktion opn\u00e5et 100.000 styk. Vi byder kunder, erhvervsforeninger og venner fra alle dele af verden velkommen til at kontakte os for samarbejde.<\/p>\n\t\t\t\t<img loading=\"lazy\" decoding=\"async\" src=\"https:\/\/www.kuakebicycle.com\/wp-content\/uploads\/2021\/03\/Cooperation.png\" alt=\"Samarbejde\" itemprop=\"image\" height=\"285\" width=\"491\" title=\"Samarbejde\" onerror=\"this.style.display='none'\"  \/>\n\n","protected":false},"excerpt":{"rendered":"<p>Om os Mission Vi leverer OEM-, ODM- og OBM -tjenester, hj\u00e6lper kunderne med at designe cykeldelene i henhold til s\u00e6rlige krav. Vision Hvert element i Kuake e-cyklen blev designet, konstrueret og fremstillet efter de strengeste [&hellip;]<\/p>\n","protected":false},"author":1,"featured_media":0,"parent":0,"menu_order":0,"comment_status":"closed","ping_status":"closed","template":"","meta":{"site-sidebar-layout":"no-sidebar","site-content-layout":"page-builder","ast-site-content-layout":"default","site-content-style":"default","site-sidebar-style":"default","ast-global-header-display":"","ast-banner-title-visibility":"","ast-main-header-display":"","ast-hfb-above-header-display":"","ast-hfb-below-header-display":"","ast-hfb-mobile-header-display":"","site-post-title":"disabled","ast-breadcrumbs-content":"","ast-featured-img":"disabled","footer-sml-layout":"","ast-disable-related-posts":"","theme-transparent-header-meta":"default","adv-header-id-meta":"","stick-header-meta":"default","header-above-stick-meta":"","header-main-stick-meta":"","header-below-stick-meta":"","astra-migrate-meta-layouts":"default","ast-page-background-enabled":"default","ast-page-background-meta":{"desktop":{"background-color":"","background-image":"","background-repeat":"repeat","background-position":"center center","background-size":"auto","background-attachment":"scroll","background-type":"","background-media":"","overlay-type":"","overlay-color":"","overlay-opacity":"","overlay-gradient":""},"tablet":{"background-color":"","background-image":"","background-repeat":"repeat","background-position":"center center","background-size":"auto","background-attachment":"scroll","background-type":"","background-media":"","overlay-type":"","overlay-color":"","overlay-opacity":"","overlay-gradient":""},"mobile":{"background-color":"","background-image":"","background-repeat":"repeat","background-position":"center center","background-size":"auto","background-attachment":"scroll","background-type":"","background-media":"","overlay-type":"","overlay-color":"","overlay-opacity":"","overlay-gradient":""}},"ast-content-background-meta":{"desktop":{"background-color":"var(--ast-global-color-5)","background-image":"","background-repeat":"repeat","background-position":"center center","background-size":"auto","background-attachment":"scroll","background-type":"","background-media":"","overlay-type":"","overlay-color":"","overlay-opacity":"","overlay-gradient":""},"tablet":{"background-color":"var(--ast-global-color-5)","background-image":"","background-repeat":"repeat","background-position":"center center","background-size":"auto","background-attachment":"scroll","background-type":"","background-media":"","overlay-type":"","overlay-color":"","overlay-opacity":"","overlay-gradient":""},"mobile":{"background-color":"var(--ast-global-color-5)","background-image":"","background-repeat":"repeat","background-position":"center center","background-size":"auto","background-attachment":"scroll","background-type":"","background-media":"","overlay-type":"","overlay-color":"","overlay-opacity":"","overlay-gradient":""}},"footnotes":""},"class_list":["post-8725","page","type-page","status-publish","hentry"],"yoast_head":"<!-- This site is optimized with the Yoast SEO plugin v27.4 - https:\/\/yoast.com\/product\/yoast-seo-wordpress\/ -->\n<title>Om os - Kuake Bicycle<\/title>\n<meta name=\"description\" content=\"Jiangsu Kuake Technology Co., Ltd. blev grundlagt i 2009 og er producent af e-cykler og fragt-e-cykler, vi leverer OEM-, ODM- og OBM-tjenester.\" \/>\n<meta name=\"robots\" content=\"index, follow, max-snippet:-1, max-image-preview:large, max-video-preview:-1\" \/>\n<link rel=\"canonical\" href=\"https:\/\/www.kuakebicycle.com\/da\/om-os\/\" \/>\n<meta property=\"og:locale\" content=\"da_DK\" \/>\n<meta property=\"og:type\" content=\"article\" \/>\n<meta property=\"og:title\" content=\"Om os - Kuake Bicycle\" \/>\n<meta property=\"og:description\" content=\"Jiangsu Kuake Technology Co., Ltd. blev grundlagt i 2009 og er producent af e-cykler og fragt-e-cykler, vi leverer OEM-, ODM- og OBM-tjenester.\" \/>\n<meta property=\"og:url\" content=\"https:\/\/www.kuakebicycle.com\/da\/om-os\/\" \/>\n<meta property=\"og:site_name\" content=\"Kuake Bicycle\" \/>\n<meta property=\"article:modified_time\" content=\"2022-01-06T08:57:44+00:00\" \/>\n<meta property=\"og:image\" content=\"https:\/\/www.kuakebicycle.com\/wp-content\/uploads\/2017\/07\/big-diamond40x40-free-img.png\" \/>\n<meta name=\"twitter:card\" content=\"summary_large_image\" \/>\n<meta name=\"twitter:label1\" content=\"Estimeret l\u00e6setid\" \/>\n\t<meta name=\"twitter:data1\" content=\"1 minut\" \/>\n<script type=\"application\/ld+json\" class=\"yoast-schema-graph\">{\"@context\":\"https:\\\/\\\/schema.org\",\"@graph\":[{\"@type\":\"WebPage\",\"@id\":\"https:\\\/\\\/www.kuakebicycle.com\\\/da\\\/om-os\\\/\",\"url\":\"https:\\\/\\\/www.kuakebicycle.com\\\/da\\\/om-os\\\/\",\"name\":\"Om os - Kuake Bicycle\",\"isPartOf\":{\"@id\":\"https:\\\/\\\/www.kuakebicycle.com\\\/da\\\/#website\"},\"primaryImageOfPage\":{\"@id\":\"https:\\\/\\\/www.kuakebicycle.com\\\/da\\\/om-os\\\/#primaryimage\"},\"image\":{\"@id\":\"https:\\\/\\\/www.kuakebicycle.com\\\/da\\\/om-os\\\/#primaryimage\"},\"thumbnailUrl\":\"https:\\\/\\\/www.kuakebicycle.com\\\/wp-content\\\/uploads\\\/2017\\\/07\\\/big-diamond40x40-free-img.png\",\"datePublished\":\"2021-08-03T02:10:16+00:00\",\"dateModified\":\"2022-01-06T08:57:44+00:00\",\"description\":\"Jiangsu Kuake Technology Co., Ltd. blev grundlagt i 2009 og er producent af e-cykler og fragt-e-cykler, vi leverer OEM-, ODM- og OBM-tjenester.\",\"breadcrumb\":{\"@id\":\"https:\\\/\\\/www.kuakebicycle.com\\\/da\\\/om-os\\\/#breadcrumb\"},\"inLanguage\":\"da-DK\",\"potentialAction\":[{\"@type\":\"ReadAction\",\"target\":[\"https:\\\/\\\/www.kuakebicycle.com\\\/da\\\/om-os\\\/\"]}]},{\"@type\":\"ImageObject\",\"inLanguage\":\"da-DK\",\"@id\":\"https:\\\/\\\/www.kuakebicycle.com\\\/da\\\/om-os\\\/#primaryimage\",\"url\":\"https:\\\/\\\/www.kuakebicycle.com\\\/wp-content\\\/uploads\\\/2017\\\/07\\\/big-diamond40x40-free-img.png\",\"contentUrl\":\"https:\\\/\\\/www.kuakebicycle.com\\\/wp-content\\\/uploads\\\/2017\\\/07\\\/big-diamond40x40-free-img.png\"},{\"@type\":\"BreadcrumbList\",\"@id\":\"https:\\\/\\\/www.kuakebicycle.com\\\/da\\\/om-os\\\/#breadcrumb\",\"itemListElement\":[{\"@type\":\"ListItem\",\"position\":1,\"name\":\"Home\",\"item\":\"https:\\\/\\\/www.kuakebicycle.com\\\/da\\\/\"},{\"@type\":\"ListItem\",\"position\":2,\"name\":\"Om os\"}]},{\"@type\":\"WebSite\",\"@id\":\"https:\\\/\\\/www.kuakebicycle.com\\\/da\\\/#website\",\"url\":\"https:\\\/\\\/www.kuakebicycle.com\\\/da\\\/\",\"name\":\"Kuake Bicycle\",\"description\":\"\",\"publisher\":{\"@id\":\"https:\\\/\\\/www.kuakebicycle.com\\\/da\\\/#organization\"},\"potentialAction\":[{\"@type\":\"SearchAction\",\"target\":{\"@type\":\"EntryPoint\",\"urlTemplate\":\"https:\\\/\\\/www.kuakebicycle.com\\\/da\\\/?s={search_term_string}\"},\"query-input\":{\"@type\":\"PropertyValueSpecification\",\"valueRequired\":true,\"valueName\":\"search_term_string\"}}],\"inLanguage\":\"da-DK\"},{\"@type\":\"Organization\",\"@id\":\"https:\\\/\\\/www.kuakebicycle.com\\\/da\\\/#organization\",\"name\":\"Kuake Technology\",\"url\":\"https:\\\/\\\/www.kuakebicycle.com\\\/da\\\/\",\"logo\":{\"@type\":\"ImageObject\",\"inLanguage\":\"da-DK\",\"@id\":\"https:\\\/\\\/www.kuakebicycle.com\\\/da\\\/#\\\/schema\\\/logo\\\/image\\\/\",\"url\":\"https:\\\/\\\/www.kuakebicycle.com\\\/wp-content\\\/uploads\\\/2021\\\/03\\\/icon.png\",\"contentUrl\":\"https:\\\/\\\/www.kuakebicycle.com\\\/wp-content\\\/uploads\\\/2021\\\/03\\\/icon.png\",\"width\":100,\"height\":100,\"caption\":\"Kuake Technology\"},\"image\":{\"@id\":\"https:\\\/\\\/www.kuakebicycle.com\\\/da\\\/#\\\/schema\\\/logo\\\/image\\\/\"}}]}<\/script>\n<!-- \/ Yoast SEO plugin. -->","yoast_head_json":{"title":"Om os - Kuake Bicycle","description":"Jiangsu Kuake Technology Co., Ltd. blev grundlagt i 2009 og er producent af e-cykler og fragt-e-cykler, vi leverer OEM-, ODM- og OBM-tjenester.","robots":{"index":"index","follow":"follow","max-snippet":"max-snippet:-1","max-image-preview":"max-image-preview:large","max-video-preview":"max-video-preview:-1"},"canonical":"https:\/\/www.kuakebicycle.com\/da\/om-os\/","og_locale":"da_DK","og_type":"article","og_title":"Om os - Kuake Bicycle","og_description":"Jiangsu Kuake Technology Co., Ltd. blev grundlagt i 2009 og er producent af e-cykler og fragt-e-cykler, vi leverer OEM-, ODM- og OBM-tjenester.","og_url":"https:\/\/www.kuakebicycle.com\/da\/om-os\/","og_site_name":"Kuake Bicycle","article_modified_time":"2022-01-06T08:57:44+00:00","og_image":[{"url":"https:\/\/www.kuakebicycle.com\/wp-content\/uploads\/2017\/07\/big-diamond40x40-free-img.png","type":"","width":"","height":""}],"twitter_card":"summary_large_image","twitter_misc":{"Estimeret l\u00e6setid":"1 minut"},"schema":{"@context":"https:\/\/schema.org","@graph":[{"@type":"WebPage","@id":"https:\/\/www.kuakebicycle.com\/da\/om-os\/","url":"https:\/\/www.kuakebicycle.com\/da\/om-os\/","name":"Om os - Kuake Bicycle","isPartOf":{"@id":"https:\/\/www.kuakebicycle.com\/da\/#website"},"primaryImageOfPage":{"@id":"https:\/\/www.kuakebicycle.com\/da\/om-os\/#primaryimage"},"image":{"@id":"https:\/\/www.kuakebicycle.com\/da\/om-os\/#primaryimage"},"thumbnailUrl":"https:\/\/www.kuakebicycle.com\/wp-content\/uploads\/2017\/07\/big-diamond40x40-free-img.png","datePublished":"2021-08-03T02:10:16+00:00","dateModified":"2022-01-06T08:57:44+00:00","description":"Jiangsu Kuake Technology Co., Ltd. blev grundlagt i 2009 og er producent af e-cykler og fragt-e-cykler, vi leverer OEM-, ODM- og OBM-tjenester.","breadcrumb":{"@id":"https:\/\/www.kuakebicycle.com\/da\/om-os\/#breadcrumb"},"inLanguage":"da-DK","potentialAction":[{"@type":"ReadAction","target":["https:\/\/www.kuakebicycle.com\/da\/om-os\/"]}]},{"@type":"ImageObject","inLanguage":"da-DK","@id":"https:\/\/www.kuakebicycle.com\/da\/om-os\/#primaryimage","url":"https:\/\/www.kuakebicycle.com\/wp-content\/uploads\/2017\/07\/big-diamond40x40-free-img.png","contentUrl":"https:\/\/www.kuakebicycle.com\/wp-content\/uploads\/2017\/07\/big-diamond40x40-free-img.png"},{"@type":"BreadcrumbList","@id":"https:\/\/www.kuakebicycle.com\/da\/om-os\/#breadcrumb","itemListElement":[{"@type":"ListItem","position":1,"name":"Home","item":"https:\/\/www.kuakebicycle.com\/da\/"},{"@type":"ListItem","position":2,"name":"Om os"}]},{"@type":"WebSite","@id":"https:\/\/www.kuakebicycle.com\/da\/#website","url":"https:\/\/www.kuakebicycle.com\/da\/","name":"Kuake Bicycle","description":"","publisher":{"@id":"https:\/\/www.kuakebicycle.com\/da\/#organization"},"potentialAction":[{"@type":"SearchAction","target":{"@type":"EntryPoint","urlTemplate":"https:\/\/www.kuakebicycle.com\/da\/?s={search_term_string}"},"query-input":{"@type":"PropertyValueSpecification","valueRequired":true,"valueName":"search_term_string"}}],"inLanguage":"da-DK"},{"@type":"Organization","@id":"https:\/\/www.kuakebicycle.com\/da\/#organization","name":"Kuake Technology","url":"https:\/\/www.kuakebicycle.com\/da\/","logo":{"@type":"ImageObject","inLanguage":"da-DK","@id":"https:\/\/www.kuakebicycle.com\/da\/#\/schema\/logo\/image\/","url":"https:\/\/www.kuakebicycle.com\/wp-content\/uploads\/2021\/03\/icon.png","contentUrl":"https:\/\/www.kuakebicycle.com\/wp-content\/uploads\/2021\/03\/icon.png","width":100,"height":100,"caption":"Kuake Technology"},"image":{"@id":"https:\/\/www.kuakebicycle.com\/da\/#\/schema\/logo\/image\/"}}]}},"_links":{"self":[{"href":"https:\/\/www.kuakebicycle.com\/da\/wp-json\/wp\/v2\/pages\/8725","targetHints":{"allow":["GET"]}}],"collection":[{"href":"https:\/\/www.kuakebicycle.com\/da\/wp-json\/wp\/v2\/pages"}],"about":[{"href":"https:\/\/www.kuakebicycle.com\/da\/wp-json\/wp\/v2\/types\/page"}],"author":[{"embeddable":true,"href":"https:\/\/www.kuakebicycle.com\/da\/wp-json\/wp\/v2\/users\/1"}],"replies":[{"embeddable":true,"href":"https:\/\/www.kuakebicycle.com\/da\/wp-json\/wp\/v2\/comments?post=8725"}],"version-history":[{"count":0,"href":"https:\/\/www.kuakebicycle.com\/da\/wp-json\/wp\/v2\/pages\/8725\/revisions"}],"wp:attachment":[{"href":"https:\/\/www.kuakebicycle.com\/da\/wp-json\/wp\/v2\/media?parent=8725"}],"curies":[{"name":"wp","href":"https:\/\/api.w.org\/{rel}","templated":true}]}}