{"id":10699,"date":"2021-08-04T08:50:38","date_gmt":"2021-08-04T08:50:38","guid":{"rendered":"https:\/\/www.kuakebicycle.com\/hjemmeside\/"},"modified":"2022-01-06T08:05:25","modified_gmt":"2022-01-06T08:05:25","slug":"hjemmeside","status":"publish","type":"page","link":"https:\/\/www.kuakebicycle.com\/da\/","title":{"rendered":"Hjemmeside"},"content":{"rendered":"\n\n\t<h1>\n\t\t\t\t\tRidning p\u00e5 Vejen\n\t\t\t\t<\/h1>\n\t<h3>\n\t\t\t\t\tF\u00e5 mere ud af din tur!\n\t\t\t\t<\/h3>\n\t\t\t<p>Fra offroad-eventyr til daglig pendling, Kuake har netop den elektriske cykel og trike til dig, der passer til dine behov.<\/p>\n\t\t\t<a href=\"https:\/\/www.kuakebicycle.com\/da\/produkter\/\" target=\"_self\" role=\"button\" rel=\"noopener\">\n\t\t\t\t\t\tGennemse nu!\n\t\t\t\t\t<\/a>\n<h2>\n\t\tVores vigtigste produkter\n\t<\/h2>\n\t<p><strong>Electric Cargo Trehjulet Cykel<\/strong><\/p>\n<p><a href=\"https:\/\/www.kuakebicycle.com\/da\/kk6010-frontlaesser-elektrisk-last-trehjulet-cykel\/\"><img loading=\"lazy\" decoding=\"async\" src=\"https:\/\/www.kuakebicycle.com\/wp-content\/uploads\/2021\/03\/KK6010-Electric-Cargo-Trike-300x300.jpg\" alt=\"KK6010 elektrisk ladetrike\" width=\"300\" height=\"300\"\/><\/a><\/p>\n<ul>\n<li>LCD<\/li>\n<li>24&#8243; aluminiumslegering<\/li>\n<li>DAPU 36V 250W Motor<\/li>\n<li>Samsung 36V 10A batteri<\/li>\n<li>Shimano 6 -speed gearskiftere<\/li>\n<li>Hydraulisk skivebremse<\/li>\n<li>25 km\/t og 40 km afstand til opladning<\/li>\n<\/ul>\n\t\t\t<a href=\"https:\/\/www.kuakebicycle.com\/da\/kk6010-frontlaesser-elektrisk-last-trehjulet-cykel\/\" target=\"_self\" role=\"button\" rel=\"noopener\">\n\t\t\t\t\t\tHent den nu\n\t\t\t\t\t<\/a>\n\t<p><strong>Elektrisk Bycykel<\/strong><\/p>\n<p><a href=\"https:\/\/www.kuakebicycle.com\/da\/kk9053-elektrisk-city-cykel\/\"><img loading=\"lazy\" decoding=\"async\" src=\"https:\/\/www.kuakebicycle.com\/wp-content\/uploads\/2021\/03\/KK9053-White-Electric-City-Bike-300x300.png\" alt=\"KK9053 Hvid elektrisk bycykel\" width=\"300\" height=\"300\" \/><\/a><\/p>\n<ul>\n<li>LCD<\/li>\n<li>26&#8243; aluminiumslegering<\/li>\n<li>36V 250W Motor<\/li>\n<li>360Wh lithium batteri<\/li>\n<li>Shimano 6 -speed gearskiftere<\/li>\n<li>TEKTRO mekanisk skivebremse<\/li>\n<li>25 km\/t og 60 km afstand til opladning<\/li>\n<\/ul>\n\t\t\t<a href=\"https:\/\/www.kuakebicycle.com\/da\/kk9053-elektrisk-city-cykel\/\" target=\"_self\" role=\"button\" rel=\"noopener\">\n\t\t\t\t\t\tHent den nu\n\t\t\t\t\t<\/a>\n\t<p><strong>Elektrisk mountainbike<\/strong><\/p>\n<p><a href=\"https:\/\/www.kuakebicycle.com\/da\/kk9055-elektrisk-mountainbike\/\"><img loading=\"lazy\" decoding=\"async\" src=\"https:\/\/www.kuakebicycle.com\/wp-content\/uploads\/2021\/03\/KK9055-Electric-Mountain-Bike-300x300.jpg\" alt=\"KK9055 elektrisk mountainbike\" width=\"300\" height=\"300\" \/><\/a><\/p>\n<ul>\n<li>LCD<\/li>\n<li>26 tommer AL6061 aluminiumslegering<\/li>\n<li>36V 250W~1000W Oxfo bagmotor<\/li>\n<li>36V 10Ah Samsung batteri<\/li>\n<li>Shimano 7 gearskiftere<\/li>\n<li>Hydraulisk skivebremse<\/li>\n<li>25 km\/t og 60 km afstand til opladning<\/li>\n<\/ul>\n\t\t\t<a href=\"https:\/\/www.kuakebicycle.com\/da\/kk9055-elektrisk-mountainbike\/\" target=\"_self\" role=\"button\" rel=\"noopener\">\n\t\t\t\t\t\tHent den nu\n\t\t\t\t\t<\/a>\n\t<h3>\n\t\t\t\t\tHvem vi kan hj\u00e6lpe\n\t\t\t\t<\/h3>\n\t\t\t<p>Uanset om du er startups, detailhandlere eller grossister, kan vi levere l\u00f8sninger til at l\u00f8se dine smertepunkter.<\/p>\n\t<h5>\n\t\t\t\t\tStart Ups&#8217; smertepunkter\n\t\t\t\t<\/h5>\n\t\t\t<ul>\n<li>Leverand\u00f8rer, der ikke er villige til at tilbyde udviklingstjenester.<\/li>\n<li>Ikke reagerende leverand\u00f8rer.<\/li>\n<li>Kvalitetsproblemer.<\/li>\n<li>Takster og logistikhindringer.<\/li>\n<li>Mangel p\u00e5 teknisk support.<\/li>\n<\/ul>\n\t<h5>\n\t\t\t\t\tForhandlernes smertepunkter\n\t\t\t\t<\/h5>\n\t\t\t<ul>\n<li>En begr\u00e6nset kapacitet.<\/li>\n<li>Kompromitteret produktkvalitet.<\/li>\n<li>Ved ikke hvilket produkt jeg skal v\u00e6lge.<\/li>\n<li>Hj\u00e6lpel\u00f8s i kontrolevne.<\/li>\n<li>En ubelejlig mellemmand.<\/li>\n<\/ul>\n\t<h5>\n\t\t\t\t\tGrossisters smertepunkter\n\t\t\t\t<\/h5>\n\t\t\t<ul>\n<li>Leverand\u00f8rens utilstr\u00e6kkelige kapacitet.<\/li>\n<li>D\u00e5rlig kvalitet.<\/li>\n<li>H\u00f8je importafgifter s\u00e6nker din fortjeneste.<\/li>\n<li>Lang ventetid p\u00e5 pr\u00f8ver.<\/li>\n<li>En h\u00f8j risiko for at miste din kant!<\/li>\n<\/ul>\n\t<h3>\n\t\t\t\t\tHvorfor v\u00e6lge os\n\t\t\t\t<\/h3>\n\t\t\t<p>Funktionerne ved vores elcykler er nemme at bruge, sikre og effektive, derfor er de bredt anerkendt p\u00e5 det globale marked.<\/p>\n\t<h5>\n\t\t\t\t\tPremium kvalitet\n\t\t\t\t<\/h5>\n\t\t\t<p>H\u00f8j kvalitet, yderst behagelig, super lav vedligeholdelse og et \u00e5rs garanti.<\/p>\n\t<h5>\n\t\t\t\t\tDegin Team\n\t\t\t\t<\/h5>\n\t\t\t<p>Vores forskning og udvikling arbejder for at udvikle produkter, der er innovative og unikke til e-cykler.<\/p>\n\t<h5>\n\t\t\t\t\tGod service\n\t\t\t\t<\/h5>\n\t\t\t<p>Du f\u00e5r et hurtigt svar\u00a0fra vores 7*24 professionelle kundeservice.<\/p>\n\t<h5>\n\t\t\t\t\tKort leveringstid\n\t\t\t\t<\/h5>\n\t\t\t<p>Vi har en stor kapacitet til at sikre den hurtigste verdensomsp\u00e6ndende levering.<\/p>\n\t<h3>\n\t\t\t\t\tSp\u00f8rgsm\u00e5l &#038; svar\n\t\t\t\t<\/h3>\n<p>Vi vil gerne hj\u00e6lpe dig med at vide mere om os, vi har listet de ofte stillede sp\u00f8rgsm\u00e5l, du kan v\u00e6re bekymret over.<\/p>\n\t\t\t\t<img decoding=\"async\" src=\"https:\/\/www.kuakebicycle.com\/wp-content\/uploads\/2021\/03\/Pedego-bg-pic.jpg\" alt=\"Pedego bg pic\" itemprop=\"image\"\/>\n\t<ul>\n\t\t<li>\t\t\t\t\n\t\t<h5>Kan jeg f\u00e5 nogle pr\u00f8ver? Og er de p\u00e5 lager?<\/h5><p>Ja, pr\u00f8veordre er tilg\u00e6ngelig til kvalitetskontrol og markedstest. Vi opbevarer normalt nogle lagre i lager, n\u00e5r pr\u00f8veordren er bekr\u00e6ftet, kan vi v\u00e6re sikre p\u00e5, at du kan modtage pr\u00f8verne p\u00e5 meget kort tid. Vi har normalt nogle lagre p\u00e5 lageret, n\u00e5r pr\u00f8veordren er bekr\u00e6ftet, kan vi sikre, at du kan modtage pr\u00f8verne p\u00e5 meget kort tid.<\/p><\/li><li>\t\t\t\t\n\t\t<h5>Accepterer du OEM -kundens ordrer?<\/h5><p>Ja, vi kan lave cyklen i henhold til kundens specifikationer, farvekombination og endda logo\/design samt pakkeanmodning, forudsat at ordren er af 1X20 &#8216;container og mere. Ellers skal vi forhandle om det. Ellers m\u00e5 vi forhandle det.<\/p><\/li><li>\t\t\t\t\n\t\t<h5>Hvad er leveringstiden for bulkordrer?<\/h5><p>Det tager normalt omkring 25 til 40 arbejdsdage for produktion baseret p\u00e5 specifikation for din ordre og m\u00e6ngde.<\/p><\/li><li>\t\t\t\t\n\t\t<h5>Hvad er dine garantibetingelser?<\/h5><p>Vores garanti d\u00e6kker produktions- og materialefejl og d\u00e6kker ikke normalt slid, beskadigelse\/fejl p\u00e5 grund af en ulykke, tilf\u00e6ldig eller f\u00f8lgeskade eller enhver brug af produktet, der er uforenelig med betjeningsvejledningen som beskrevet i vores brugermanual.<\/p><\/li>\t<\/ul>\n\n","protected":false},"excerpt":{"rendered":"<p>Ridning p\u00e5 Vejen F\u00e5 mere ud af din tur! Fra offroad-eventyr til daglig pendling, Kuake har netop den elektriske cykel og trike til dig, der passer til dine behov. Gennemse nu! Vores vigtigste produkter Electric [&hellip;]<\/p>\n","protected":false},"author":1,"featured_media":0,"parent":0,"menu_order":0,"comment_status":"closed","ping_status":"open","template":"","meta":{"site-sidebar-layout":"no-sidebar","site-content-layout":"page-builder","ast-site-content-layout":"default","site-content-style":"default","site-sidebar-style":"default","ast-global-header-display":"","ast-banner-title-visibility":"","ast-main-header-display":"","ast-hfb-above-header-display":"","ast-hfb-below-header-display":"","ast-hfb-mobile-header-display":"","site-post-title":"disabled","ast-breadcrumbs-content":"","ast-featured-img":"disabled","footer-sml-layout":"","ast-disable-related-posts":"","theme-transparent-header-meta":"default","adv-header-id-meta":"","stick-header-meta":"default","header-above-stick-meta":"","header-main-stick-meta":"","header-below-stick-meta":"","astra-migrate-meta-layouts":"default","ast-page-background-enabled":"default","ast-page-background-meta":{"desktop":{"background-color":"","background-image":"","background-repeat":"repeat","background-position":"center center","background-size":"auto","background-attachment":"scroll","background-type":"","background-media":"","overlay-type":"","overlay-color":"","overlay-opacity":"","overlay-gradient":""},"tablet":{"background-color":"","background-image":"","background-repeat":"repeat","background-position":"center center","background-size":"auto","background-attachment":"scroll","background-type":"","background-media":"","overlay-type":"","overlay-color":"","overlay-opacity":"","overlay-gradient":""},"mobile":{"background-color":"","background-image":"","background-repeat":"repeat","background-position":"center center","background-size":"auto","background-attachment":"scroll","background-type":"","background-media":"","overlay-type":"","overlay-color":"","overlay-opacity":"","overlay-gradient":""}},"ast-content-background-meta":{"desktop":{"background-color":"var(--ast-global-color-5)","background-image":"","background-repeat":"repeat","background-position":"center center","background-size":"auto","background-attachment":"scroll","background-type":"","background-media":"","overlay-type":"","overlay-color":"","overlay-opacity":"","overlay-gradient":""},"tablet":{"background-color":"var(--ast-global-color-5)","background-image":"","background-repeat":"repeat","background-position":"center center","background-size":"auto","background-attachment":"scroll","background-type":"","background-media":"","overlay-type":"","overlay-color":"","overlay-opacity":"","overlay-gradient":""},"mobile":{"background-color":"var(--ast-global-color-5)","background-image":"","background-repeat":"repeat","background-position":"center center","background-size":"auto","background-attachment":"scroll","background-type":"","background-media":"","overlay-type":"","overlay-color":"","overlay-opacity":"","overlay-gradient":""}},"footnotes":""},"class_list":["post-10699","page","type-page","status-publish","hentry"],"yoast_head":"<!-- This site is optimized with the Yoast SEO plugin v27.6 - https:\/\/yoast.com\/product\/yoast-seo-wordpress\/ -->\n<title>Elcykel Producenter Kina, Billig Elcykel Til Dame Herre - Kuake Bicycle<\/title>\n<meta name=\"description\" content=\"Kuake har specialiseret sig i at designe og fremstille elektrisk trehjulet cykel, elektriske last-trecykler og elcykel. Premium kvalitet med den bedste pris og god eftersalgsservice.\" \/>\n<meta name=\"robots\" content=\"index, follow, max-snippet:-1, max-image-preview:large, max-video-preview:-1\" \/>\n<link rel=\"canonical\" href=\"https:\/\/www.kuakebicycle.com\/da\/\" \/>\n<meta property=\"og:locale\" content=\"da_DK\" \/>\n<meta property=\"og:type\" content=\"article\" \/>\n<meta property=\"og:title\" content=\"Elcykel Producenter Kina, Billig Elcykel Til Dame Herre - Kuake Bicycle\" \/>\n<meta property=\"og:description\" content=\"Kuake har specialiseret sig i at designe og fremstille elektrisk trehjulet cykel, elektriske last-trecykler og elcykel. Premium kvalitet med den bedste pris og god eftersalgsservice.\" \/>\n<meta property=\"og:url\" content=\"https:\/\/www.kuakebicycle.com\/da\/\" \/>\n<meta property=\"og:site_name\" content=\"Kuake Bicycle\" \/>\n<meta property=\"article:modified_time\" content=\"2022-01-06T08:05:25+00:00\" \/>\n<meta property=\"og:image\" content=\"https:\/\/www.kuakebicycle.com\/wp-content\/uploads\/2021\/03\/KK6010-Electric-Cargo-Trike-300x300.jpg\" \/>\n<meta name=\"twitter:card\" content=\"summary_large_image\" \/>\n<meta name=\"twitter:label1\" content=\"Estimeret l\u00e6setid\" \/>\n\t<meta name=\"twitter:data1\" content=\"3 minutter\" \/>\n<script type=\"application\/ld+json\" class=\"yoast-schema-graph\">{\"@context\":\"https:\\\/\\\/schema.org\",\"@graph\":[{\"@type\":\"WebPage\",\"@id\":\"https:\\\/\\\/www.kuakebicycle.com\\\/da\\\/\",\"url\":\"https:\\\/\\\/www.kuakebicycle.com\\\/da\\\/\",\"name\":\"Elcykel Producenter Kina, Billig Elcykel Til Dame Herre - Kuake Bicycle\",\"isPartOf\":{\"@id\":\"https:\\\/\\\/www.kuakebicycle.com\\\/da\\\/#website\"},\"primaryImageOfPage\":{\"@id\":\"https:\\\/\\\/www.kuakebicycle.com\\\/da\\\/#primaryimage\"},\"image\":{\"@id\":\"https:\\\/\\\/www.kuakebicycle.com\\\/da\\\/#primaryimage\"},\"thumbnailUrl\":\"https:\\\/\\\/www.kuakebicycle.com\\\/wp-content\\\/uploads\\\/2021\\\/03\\\/KK6010-Electric-Cargo-Trike-300x300.jpg\",\"datePublished\":\"2021-08-04T08:50:38+00:00\",\"dateModified\":\"2022-01-06T08:05:25+00:00\",\"description\":\"Kuake har specialiseret sig i at designe og fremstille elektrisk trehjulet cykel, elektriske last-trecykler og elcykel. Premium kvalitet med den bedste pris og god eftersalgsservice.\",\"breadcrumb\":{\"@id\":\"https:\\\/\\\/www.kuakebicycle.com\\\/da\\\/#breadcrumb\"},\"inLanguage\":\"da-DK\",\"potentialAction\":[{\"@type\":\"ReadAction\",\"target\":[\"https:\\\/\\\/www.kuakebicycle.com\\\/da\\\/\"]}]},{\"@type\":\"ImageObject\",\"inLanguage\":\"da-DK\",\"@id\":\"https:\\\/\\\/www.kuakebicycle.com\\\/da\\\/#primaryimage\",\"url\":\"https:\\\/\\\/www.kuakebicycle.com\\\/wp-content\\\/uploads\\\/2021\\\/03\\\/KK6010-Electric-Cargo-Trike-300x300.jpg\",\"contentUrl\":\"https:\\\/\\\/www.kuakebicycle.com\\\/wp-content\\\/uploads\\\/2021\\\/03\\\/KK6010-Electric-Cargo-Trike-300x300.jpg\"},{\"@type\":\"BreadcrumbList\",\"@id\":\"https:\\\/\\\/www.kuakebicycle.com\\\/da\\\/#breadcrumb\",\"itemListElement\":[{\"@type\":\"ListItem\",\"position\":1,\"name\":\"Home\",\"item\":\"https:\\\/\\\/www.kuakebicycle.com\\\/da\\\/\"},{\"@type\":\"ListItem\",\"position\":2,\"name\":\"Hjemmeside\"}]},{\"@type\":\"WebSite\",\"@id\":\"https:\\\/\\\/www.kuakebicycle.com\\\/da\\\/#website\",\"url\":\"https:\\\/\\\/www.kuakebicycle.com\\\/da\\\/\",\"name\":\"Kuake Bicycle\",\"description\":\"\",\"publisher\":{\"@id\":\"https:\\\/\\\/www.kuakebicycle.com\\\/da\\\/#organization\"},\"potentialAction\":[{\"@type\":\"SearchAction\",\"target\":{\"@type\":\"EntryPoint\",\"urlTemplate\":\"https:\\\/\\\/www.kuakebicycle.com\\\/da\\\/?s={search_term_string}\"},\"query-input\":{\"@type\":\"PropertyValueSpecification\",\"valueRequired\":true,\"valueName\":\"search_term_string\"}}],\"inLanguage\":\"da-DK\"},{\"@type\":\"Organization\",\"@id\":\"https:\\\/\\\/www.kuakebicycle.com\\\/da\\\/#organization\",\"name\":\"Kuake Technology\",\"url\":\"https:\\\/\\\/www.kuakebicycle.com\\\/da\\\/\",\"logo\":{\"@type\":\"ImageObject\",\"inLanguage\":\"da-DK\",\"@id\":\"https:\\\/\\\/www.kuakebicycle.com\\\/da\\\/#\\\/schema\\\/logo\\\/image\\\/\",\"url\":\"https:\\\/\\\/www.kuakebicycle.com\\\/wp-content\\\/uploads\\\/2021\\\/03\\\/icon.png\",\"contentUrl\":\"https:\\\/\\\/www.kuakebicycle.com\\\/wp-content\\\/uploads\\\/2021\\\/03\\\/icon.png\",\"width\":100,\"height\":100,\"caption\":\"Kuake Technology\"},\"image\":{\"@id\":\"https:\\\/\\\/www.kuakebicycle.com\\\/da\\\/#\\\/schema\\\/logo\\\/image\\\/\"}}]}<\/script>\n<!-- \/ Yoast SEO plugin. -->","yoast_head_json":{"title":"Elcykel Producenter Kina, Billig Elcykel Til Dame Herre - Kuake Bicycle","description":"Kuake har specialiseret sig i at designe og fremstille elektrisk trehjulet cykel, elektriske last-trecykler og elcykel. Premium kvalitet med den bedste pris og god eftersalgsservice.","robots":{"index":"index","follow":"follow","max-snippet":"max-snippet:-1","max-image-preview":"max-image-preview:large","max-video-preview":"max-video-preview:-1"},"canonical":"https:\/\/www.kuakebicycle.com\/da\/","og_locale":"da_DK","og_type":"article","og_title":"Elcykel Producenter Kina, Billig Elcykel Til Dame Herre - Kuake Bicycle","og_description":"Kuake har specialiseret sig i at designe og fremstille elektrisk trehjulet cykel, elektriske last-trecykler og elcykel. Premium kvalitet med den bedste pris og god eftersalgsservice.","og_url":"https:\/\/www.kuakebicycle.com\/da\/","og_site_name":"Kuake Bicycle","article_modified_time":"2022-01-06T08:05:25+00:00","og_image":[{"url":"https:\/\/www.kuakebicycle.com\/wp-content\/uploads\/2021\/03\/KK6010-Electric-Cargo-Trike-300x300.jpg","type":"","width":"","height":""}],"twitter_card":"summary_large_image","twitter_misc":{"Estimeret l\u00e6setid":"3 minutter"},"schema":{"@context":"https:\/\/schema.org","@graph":[{"@type":"WebPage","@id":"https:\/\/www.kuakebicycle.com\/da\/","url":"https:\/\/www.kuakebicycle.com\/da\/","name":"Elcykel Producenter Kina, Billig Elcykel Til Dame Herre - Kuake Bicycle","isPartOf":{"@id":"https:\/\/www.kuakebicycle.com\/da\/#website"},"primaryImageOfPage":{"@id":"https:\/\/www.kuakebicycle.com\/da\/#primaryimage"},"image":{"@id":"https:\/\/www.kuakebicycle.com\/da\/#primaryimage"},"thumbnailUrl":"https:\/\/www.kuakebicycle.com\/wp-content\/uploads\/2021\/03\/KK6010-Electric-Cargo-Trike-300x300.jpg","datePublished":"2021-08-04T08:50:38+00:00","dateModified":"2022-01-06T08:05:25+00:00","description":"Kuake har specialiseret sig i at designe og fremstille elektrisk trehjulet cykel, elektriske last-trecykler og elcykel. Premium kvalitet med den bedste pris og god eftersalgsservice.","breadcrumb":{"@id":"https:\/\/www.kuakebicycle.com\/da\/#breadcrumb"},"inLanguage":"da-DK","potentialAction":[{"@type":"ReadAction","target":["https:\/\/www.kuakebicycle.com\/da\/"]}]},{"@type":"ImageObject","inLanguage":"da-DK","@id":"https:\/\/www.kuakebicycle.com\/da\/#primaryimage","url":"https:\/\/www.kuakebicycle.com\/wp-content\/uploads\/2021\/03\/KK6010-Electric-Cargo-Trike-300x300.jpg","contentUrl":"https:\/\/www.kuakebicycle.com\/wp-content\/uploads\/2021\/03\/KK6010-Electric-Cargo-Trike-300x300.jpg"},{"@type":"BreadcrumbList","@id":"https:\/\/www.kuakebicycle.com\/da\/#breadcrumb","itemListElement":[{"@type":"ListItem","position":1,"name":"Home","item":"https:\/\/www.kuakebicycle.com\/da\/"},{"@type":"ListItem","position":2,"name":"Hjemmeside"}]},{"@type":"WebSite","@id":"https:\/\/www.kuakebicycle.com\/da\/#website","url":"https:\/\/www.kuakebicycle.com\/da\/","name":"Kuake Bicycle","description":"","publisher":{"@id":"https:\/\/www.kuakebicycle.com\/da\/#organization"},"potentialAction":[{"@type":"SearchAction","target":{"@type":"EntryPoint","urlTemplate":"https:\/\/www.kuakebicycle.com\/da\/?s={search_term_string}"},"query-input":{"@type":"PropertyValueSpecification","valueRequired":true,"valueName":"search_term_string"}}],"inLanguage":"da-DK"},{"@type":"Organization","@id":"https:\/\/www.kuakebicycle.com\/da\/#organization","name":"Kuake Technology","url":"https:\/\/www.kuakebicycle.com\/da\/","logo":{"@type":"ImageObject","inLanguage":"da-DK","@id":"https:\/\/www.kuakebicycle.com\/da\/#\/schema\/logo\/image\/","url":"https:\/\/www.kuakebicycle.com\/wp-content\/uploads\/2021\/03\/icon.png","contentUrl":"https:\/\/www.kuakebicycle.com\/wp-content\/uploads\/2021\/03\/icon.png","width":100,"height":100,"caption":"Kuake Technology"},"image":{"@id":"https:\/\/www.kuakebicycle.com\/da\/#\/schema\/logo\/image\/"}}]}},"_links":{"self":[{"href":"https:\/\/www.kuakebicycle.com\/da\/wp-json\/wp\/v2\/pages\/10699","targetHints":{"allow":["GET"]}}],"collection":[{"href":"https:\/\/www.kuakebicycle.com\/da\/wp-json\/wp\/v2\/pages"}],"about":[{"href":"https:\/\/www.kuakebicycle.com\/da\/wp-json\/wp\/v2\/types\/page"}],"author":[{"embeddable":true,"href":"https:\/\/www.kuakebicycle.com\/da\/wp-json\/wp\/v2\/users\/1"}],"replies":[{"embeddable":true,"href":"https:\/\/www.kuakebicycle.com\/da\/wp-json\/wp\/v2\/comments?post=10699"}],"version-history":[{"count":0,"href":"https:\/\/www.kuakebicycle.com\/da\/wp-json\/wp\/v2\/pages\/10699\/revisions"}],"wp:attachment":[{"href":"https:\/\/www.kuakebicycle.com\/da\/wp-json\/wp\/v2\/media?parent=10699"}],"curies":[{"name":"wp","href":"https:\/\/api.w.org\/{rel}","templated":true}]}}