{"id":10697,"date":"2021-08-04T08:32:08","date_gmt":"2021-08-04T08:32:08","guid":{"rendered":"https:\/\/www.kuakebicycle.com\/fortrolighedspolitik\/"},"modified":"2022-05-05T02:35:50","modified_gmt":"2022-05-05T02:35:50","slug":"fortrolighedspolitik","status":"publish","type":"page","link":"https:\/\/www.kuakebicycle.com\/da\/fortrolighedspolitik\/","title":{"rendered":"Fortrolighedspolitik"},"content":{"rendered":"\n\n\t<p>Velkommen til KuakeBicycle! Hvis du bes\u00f8ger vores butik, betyder det, at du automatisk accepterer alle disse vilk\u00e5r og betingelser. L\u00e6s venligst alle oplysninger om vores retningslinjer, vilk\u00e5r og aftaler omhyggeligt.<\/p>\n<p>Det er meget vigtigt at bekymre sig om oplysningerne, fordi vi lever i et informationssamfund, og du kan ikke undervurdere m\u00e5den, hvorp\u00e5 information vil blive brugt og delt.<\/p>\n<p>Tillid er hj\u00f8rnestenen i venskab, og vi v\u00e6rds\u00e6tter din beslutning om at v\u00e6lge vores butik. Vi giver dig fuld adgang til forskellige typer oplysninger om din konto.<\/p>\n<p>Bem\u00e6rk venligst, at vores websted indeholder mange varem\u00e6rker, der kan tilh\u00f8re b\u00e5de vores virksomhed og tredjepartsselskaber.<\/p>\n<p>Brug af logoer, ikoner og servicenavne er forbudt p\u00e5 enhver m\u00e5de, der sandsynligvis kan skabe forvirring blandt vores kunder og vil blive betragtet som en overtr\u00e6delse af ophavsretsloven.<\/p>\n<p>Vi forbeholder os retten til n\u00e5r som helst at foretage \u00e6ndringer i disse vilk\u00e5r og betingelser uden forudg\u00e5ende underretning.<\/p>\n<p>Ved at bruge dette websted accepterer du vilk\u00e5rene i den seneste version af denne fortrolighedspolitik. L\u00e6s venligst vores brugsbetingelser for at forst\u00e5 de generelle regler for din brug af dette websted. Bortset fra hvad der er skrevet i andre ansvarsfraskrivelser, politikker, brugsbetingelser eller andre meddelelser p\u00e5 dette websted, er denne fortrolighedspolitik og brugsbetingelserne den fuldst\u00e6ndige aftale mellem dig og KuakeBicycle.com med hensyn til din brug af dette websted. Du kan v\u00e6re underlagt yderligere vilk\u00e5r, der kan g\u00e6lde, n\u00e5r du f\u00e5r adgang til bestemte tjenester eller materialer p\u00e5 bestemte omr\u00e5der p\u00e5 dette websted, eller ved at f\u00f8lge et link fra dette websted.<\/p>\n<h3>Introduktion<\/h3>\n<p>De oplysninger, vi modtager, og hvordan vi bruger dem, afh\u00e6nger af, hvad du g\u00f8r, n\u00e5r du bes\u00f8ger vores websted. Vi indsamler og bruger dine ikke-personlige oplysninger (oplysninger, der ikke kan identificeres for dig personligt) anderledes end dine personlige oplysninger.<\/p>\n<h3>Hvad er ikke-personlige oplysninger?<\/h3>\n<p>Ikke-personlige oplysninger er de oplysninger, vi indsamler via dette websted, som ikke identificerer os som en individuel person. Det kan indeholde oplysninger s\u00e5som f\u00f8lgende:<\/p>\n<ul>\n<li>den type webbrowsersoftware, du bruger (f.eks. Netscape Navigator eller Internet Explorer)<\/li>\n<li>navnet p\u00e5 det dom\u00e6ne, hvorfra du f\u00e5r adgang til Internettet<\/li>\n<li>internetadressen p\u00e5 det websted, hvorfra du har linket direkte til vores websted<\/li>\n<li>dato og klokkesl\u00e6t, hvor du f\u00e5r adgang til vores websted<\/li>\n<li>hvilke sider du har bes\u00f8gt p\u00e5 vores websted<\/li>\n<li>de s\u00f8geord, du bruger<\/li>\n<li>de links, du klikker p\u00e5<\/li>\n<li>personlige oplysninger, der er gjort ikke-personlige eller anonymiserede (dvs. oplysninger, der ikke l\u00e6ngere afspejler eller refererer til en individuelt identificerbar bruger)<\/li>\n<\/ul>\n<p>Hvis du bes\u00f8ger vores websted for at l\u00e6se eller downloade oplysninger, f.eks. Oplysninger om en helbredstilstand eller om et af vores produkter, kan vi indsamle visse ikke-personlige oplysninger om dig fra din computer. Disse oplysninger indsamles fra din computers webbrowser: Hvis du kun l\u00e6ser eller downloader oplysninger p\u00e5 vores websted, indsamler eller l\u00e6rer vi ikke dit navn, e-mail-adresse, hjemmeadresse eller andre personlige oplysninger om dig. Vi kan placere en tekstfil kaldet en cookie i browserens filer p\u00e5 din computer, n\u00e5r du bes\u00f8ger. Cookien gemmes muligvis p\u00e5 din computers harddisk. De oplysninger, vi indsamler ved hj\u00e6lp af cookies, er ikke-personlige oplysninger. Du er altid fri til at afvise vores cookies, hvis din browser tillader det, men nogle dele af vores websted fungerer muligvis ikke korrekt for dig, hvis du g\u00f8r det. Vi tillader ikke andre tredjeparter end de virksomheder, vi lejer, at udf\u00f8re tjenester eller funktioner p\u00e5 vores vegne for at placere cookies p\u00e5 vores websted.<\/p>\n<h3>Hvad g\u00f8r KuakeBicycle.com med ikke-personlige oplysninger?<\/h3>\n<p>Fordi ikke-personlige oplysninger p\u00e5 ingen m\u00e5de kan identificere dig eller v\u00e6re knyttet til dig, er der ingen begr\u00e6nsninger for m\u00e5derne, hvorp\u00e5 vi kan bruge eller dele ikke-personlige oplysninger. Vi leder altid efter m\u00e5der at bedre betjene dig og forbedre dette websted. Vi vil bruge ikke-personlige oplysninger fra dig til at hj\u00e6lpe os med at g\u00f8re dette websted mere nyttigt for bes\u00f8gende. Vi vil ogs\u00e5 bruge ikke-personlige oplysninger til andre forretningsform\u00e5l. For eksempel kan vi bruge ikke-personlige oplysninger eller aggregerede ikke-personlige oplysninger til at:<\/p>\n<ul>\n<li>oprette rapporter til intern brug til at udvikle programmer, produkter, tjenester eller indhold<\/li>\n<li>tilpasse de oplysninger eller tjenester, der er af interesse for dig<\/li>\n<li>Del den med eller s\u00e6l den til tredjemand<\/li>\n<li>levere aggregerede &#8220;trafikstatistikker&#8221; og &#8220;svarprocenter&#8221; til tredjemand<\/li>\n<\/ul>\n<h3>Hvad er personlige oplysninger?<\/h3>\n<p>Personoplysninger er de oplysninger, vi indsamler via dette websted, som vi kan bruge til specifikt at identificere dig, s\u00e5som din:<\/p>\n<ul>\n<li>navn<\/li>\n<li>telefon nummer<\/li>\n<li>email adresse<\/li>\n<li>medicinsk udstyrs serienummer<\/li>\n<li>personlige sundhedsoplysninger<\/li>\n<li>f\u00f8dselsdato<\/li>\n<\/ul>\n<p>Nogle steder p\u00e5 dette websted har du mulighed for at sende os personlige oplysninger om dig selv, v\u00e6lge at modtage bestemte oplysninger eller deltage i en aktivitet. For eksempel kan du udfylde en registreringsformular, en unders\u00f8gelse eller en e-mail-formular, og du kan v\u00e6lge at modtage undervisningsmateriale om vores produkter og terapier.<\/p>\n<p>Du kan ogs\u00e5 v\u00e6lge at give os mulighed for at personligg\u00f8re dine bes\u00f8g p\u00e5 webstedet, i hvilket tilf\u00e6lde vi vil bede dig om visse personlige oplysninger for at g\u00f8re dine bes\u00f8g p\u00e5 vores websted mere nyttige for dig. N\u00e5r disse oplysninger kombineres med de ikke-personlige oplysninger, som vi indsamler via cookies (beskrevet ovenfor), vil vi kunne fort\u00e6lle, at du har bes\u00f8gt vores websted f\u00f8r og kan personligg\u00f8re din adgang til vores websted, f.eks. Ved at fort\u00e6lle dig om nye funktioner, der kan have interesse for dig.<\/p>\n<h3>Hvordan opbevarer og bruger KuakeBicycle.com personlige oplysninger?<\/h3>\n<p>Vi kan opbevare og bruge de personlige oplysninger, vi indsamler fra dig via dette websted, for at give dig adgang til dette websted. Derudover kan vi opbevare og bruge dine personlige oplysninger:<\/p>\n<ul>\n<li>at besvare dine anmodninger<\/li>\n<li>at personligg\u00f8re din adgang til vores websted, for eksempel ved at fort\u00e6lle dig om nye funktioner, der kan have interesse for dig<\/li>\n<li>at udvikle optegnelser, herunder optegnelser over dine personlige oplysninger<\/li>\n<li>at kontakte dig med oplysninger, der kan have interesse for dig, herunder oplysninger om kliniske fors\u00f8g og om vores og andres produkter og tjenester<\/li>\n<li>til analytiske form\u00e5l og til forskning, udvikling og forbedring af programmer, produkter, tjenester og indhold<\/li>\n<li>for at fjerne dine personlige identifikatorer (dit navn, e-mail-adresse, personnummer osv.). I dette tilf\u00e6lde ville du ikke l\u00e6ngere blive identificeret som et enkelt unikt individ. N\u00e5r vi har afidentificeret oplysninger, er det ikke-personlige oplysninger, og vi kan behandle det som andre ikke-personlige oplysninger.<\/li>\n<li>for at h\u00e5ndh\u00e6ve denne fortrolighedserkl\u00e6ring og andre regler om din brug af dette websted<\/li>\n<li>for at beskytte vores rettigheder eller ejendom<\/li>\n<li>for at beskytte nogens sundhed, sikkerhed eller velf\u00e6rd<\/li>\n<li>at overholde en lov eller forskrift, retsordre eller andre juridiske processer<\/li>\n<\/ul>\n<p>Vi har ikke en metode til at gennemg\u00e5 personlige eller ikke-personlige oplysninger indsamlet via dette websted.<\/p>\n<h3>Deler KuakeBicycle.com nogensinde personlige oplysninger med tredjeparter?<\/h3>\n<p>KuakeBicycle.com deler ikke dine personlige oplysninger indsamlet fra dette websted med en uafh\u00e6ngig tredjepart uden din tilladelse, medmindre andet er angivet i denne fortrolighedserkl\u00e6ring.<\/p>\n<p>I det almindelige forretningsforl\u00f8b deler vi muligvis nogle personlige oplysninger med virksomheder, som vi lejer til at udf\u00f8re tjenester eller funktioner p\u00e5 vores vegne. I alle tilf\u00e6lde, hvor vi deler dine personlige oplysninger med en tredjepart, vil vi ikke give dem tilladelse til at opbevare, videregive eller bruge dine oplysninger med andre undtagen med det form\u00e5l at levere de tjenester, vi bad dem om at levere. Vi vil ikke s\u00e6lge, udveksle eller offentligg\u00f8re dine personlige oplysninger, undtagen i forbindelse med virksomhedssalg, fusion, opl\u00f8sning eller erhvervelse.<\/p>\n<p>Vi kan v\u00e6re juridisk tvunget til at frigive dine personlige oplysninger som reaktion p\u00e5 en retskendelse, st\u00e6vning, ransagningskendelse, lov eller regulering. Vi kan samarbejde med de retsh\u00e5ndh\u00e6vende myndigheder om at unders\u00f8ge og retsforf\u00f8lge bes\u00f8gende p\u00e5 webstedet, der overtr\u00e6der vores regler eller ud\u00f8ver adf\u00e6rd, der er skadelig for andre bes\u00f8gende (eller ulovligt).<\/p>\n<h3>Hvad med privatlivets fred p\u00e5 andre websteder?<\/h3>\n<p>Dette websted kan indeholde links til andre websteder. Nogle af disse websteder drives muligvis af KuakeBicycle, og nogle kan blive betjent af tredjeparter. Vi leverer linkene for din bekvemmelighed, men vi gennemg\u00e5r, kontrollerer eller overv\u00e5ger ikke privatlivspraksis p\u00e5 websteder, der drives af andre. Denne fortrolighedserkl\u00e6ring g\u00e6lder ikke for noget andet websted, selv ikke de andre KuakeBicycle.com -websteder. Vi er ikke ansvarlige for udf\u00f8relsen af \u200b\u200bwebsteder, der drives af tredjeparter, eller for din forretning med dem. Hver gang du forlader dette websted, anbefaler vi derfor, at du gennemg\u00e5r hvert websteds privatlivspraksis og laver dine egne konklusioner vedr\u00f8rende tilstr\u00e6kkeligheden af \u200b\u200bdenne praksis.<\/p>\n<h3>Kommunikerer KuakeBicycle.com nogensinde direkte med bes\u00f8gende p\u00e5 dette websted?<\/h3>\n<p>Vi kan kontakte dig med j\u00e6vne mellemrum via e-mail, mail eller telefon, hvis du accepterer denne kontakt for at give oplysninger om programmer, produkter, tjenester og indhold, der kan have interesse for dig. Desuden giver nogle af funktionerne p\u00e5 dette websted dig mulighed for at kommunikere med os ved hj\u00e6lp af en online formular. Hvis din kommunikation anmoder om et svar fra os, sender vi dig et svar via e-mail. E-mail-svaret eller bekr\u00e6ftelsen kan omfatte dine personlige oplysninger, herunder personlige oplysninger om dit helbred, dit navn, adresse osv. Vi kan ikke garantere, at vores e-mails til dig er beskyttet mod uautoriseret aflytning.<\/p>\n<h3>Hvad med hjemmesidesikkerhed?<\/h3>\n<p>Sikkerhed er meget vigtig for os. Vi forst\u00e5r ogs\u00e5, at sikkerhed er vigtig for dig. Vi tager rimelige skridt til at beskytte dine personlige oplysninger mod tab, misbrug og uautoriseret adgang, videregivelse, \u00e6ndring eller \u00f8del\u00e6ggelse. Du skal huske p\u00e5, at ingen internetoverf\u00f8rsel nogensinde er 100% sikker eller fejlfri. Is\u00e6r e-mail, der sendes til eller fra dette websted, er muligvis ikke sikker, og du b\u00f8r derfor v\u00e6re s\u00e6rlig opm\u00e6rksom p\u00e5 at beslutte, hvilke oplysninger du sender til os via e-mail.<\/p>\n\n","protected":false},"excerpt":{"rendered":"<p>Velkommen til KuakeBicycle! Hvis du bes\u00f8ger vores butik, betyder det, at du automatisk accepterer alle disse vilk\u00e5r og betingelser. L\u00e6s venligst alle oplysninger om vores retningslinjer, vilk\u00e5r og aftaler omhyggeligt. Det er meget vigtigt at [&hellip;]<\/p>\n","protected":false},"author":1,"featured_media":0,"parent":0,"menu_order":0,"comment_status":"closed","ping_status":"closed","template":"","meta":{"site-sidebar-layout":"no-sidebar","site-content-layout":"page-builder","ast-site-content-layout":"default","site-content-style":"default","site-sidebar-style":"default","ast-global-header-display":"","ast-banner-title-visibility":"","ast-main-header-display":"","ast-hfb-above-header-display":"","ast-hfb-below-header-display":"","ast-hfb-mobile-header-display":"","site-post-title":"disabled","ast-breadcrumbs-content":"","ast-featured-img":"disabled","footer-sml-layout":"","ast-disable-related-posts":"","theme-transparent-header-meta":"default","adv-header-id-meta":"","stick-header-meta":"default","header-above-stick-meta":"","header-main-stick-meta":"","header-below-stick-meta":"","astra-migrate-meta-layouts":"default","ast-page-background-enabled":"default","ast-page-background-meta":{"desktop":{"background-color":"","background-image":"","background-repeat":"repeat","background-position":"center center","background-size":"auto","background-attachment":"scroll","background-type":"","background-media":"","overlay-type":"","overlay-color":"","overlay-opacity":"","overlay-gradient":""},"tablet":{"background-color":"","background-image":"","background-repeat":"repeat","background-position":"center center","background-size":"auto","background-attachment":"scroll","background-type":"","background-media":"","overlay-type":"","overlay-color":"","overlay-opacity":"","overlay-gradient":""},"mobile":{"background-color":"","background-image":"","background-repeat":"repeat","background-position":"center center","background-size":"auto","background-attachment":"scroll","background-type":"","background-media":"","overlay-type":"","overlay-color":"","overlay-opacity":"","overlay-gradient":""}},"ast-content-background-meta":{"desktop":{"background-color":"var(--ast-global-color-5)","background-image":"","background-repeat":"repeat","background-position":"center center","background-size":"auto","background-attachment":"scroll","background-type":"","background-media":"","overlay-type":"","overlay-color":"","overlay-opacity":"","overlay-gradient":""},"tablet":{"background-color":"var(--ast-global-color-5)","background-image":"","background-repeat":"repeat","background-position":"center center","background-size":"auto","background-attachment":"scroll","background-type":"","background-media":"","overlay-type":"","overlay-color":"","overlay-opacity":"","overlay-gradient":""},"mobile":{"background-color":"var(--ast-global-color-5)","background-image":"","background-repeat":"repeat","background-position":"center center","background-size":"auto","background-attachment":"scroll","background-type":"","background-media":"","overlay-type":"","overlay-color":"","overlay-opacity":"","overlay-gradient":""}},"footnotes":""},"class_list":["post-10697","page","type-page","status-publish","hentry"],"yoast_head":"<!-- This site is optimized with the Yoast SEO plugin v27.4 - https:\/\/yoast.com\/product\/yoast-seo-wordpress\/ -->\n<title>Fortrolighedspolitik - Kuake Bicycle<\/title>\n<meta name=\"robots\" content=\"index, follow, max-snippet:-1, max-image-preview:large, max-video-preview:-1\" \/>\n<link rel=\"canonical\" href=\"https:\/\/www.kuakebicycle.com\/da\/fortrolighedspolitik\/\" \/>\n<meta property=\"og:locale\" content=\"da_DK\" \/>\n<meta property=\"og:type\" content=\"article\" \/>\n<meta property=\"og:title\" content=\"Fortrolighedspolitik - Kuake Bicycle\" \/>\n<meta property=\"og:description\" content=\"Velkommen til KuakeBicycle! Hvis du bes\u00f8ger vores butik, betyder det, at du automatisk accepterer alle disse vilk\u00e5r og betingelser. L\u00e6s venligst alle oplysninger om vores retningslinjer, vilk\u00e5r og aftaler omhyggeligt. Det er meget vigtigt at [&hellip;]\" \/>\n<meta property=\"og:url\" content=\"https:\/\/www.kuakebicycle.com\/da\/fortrolighedspolitik\/\" \/>\n<meta property=\"og:site_name\" content=\"Kuake Bicycle\" \/>\n<meta property=\"article:modified_time\" content=\"2022-05-05T02:35:50+00:00\" \/>\n<meta name=\"twitter:card\" content=\"summary_large_image\" \/>\n<meta name=\"twitter:label1\" content=\"Estimeret l\u00e6setid\" \/>\n\t<meta name=\"twitter:data1\" content=\"8 minutter\" \/>\n<script type=\"application\/ld+json\" class=\"yoast-schema-graph\">{\"@context\":\"https:\\\/\\\/schema.org\",\"@graph\":[{\"@type\":\"WebPage\",\"@id\":\"https:\\\/\\\/www.kuakebicycle.com\\\/da\\\/fortrolighedspolitik\\\/\",\"url\":\"https:\\\/\\\/www.kuakebicycle.com\\\/da\\\/fortrolighedspolitik\\\/\",\"name\":\"Fortrolighedspolitik - Kuake Bicycle\",\"isPartOf\":{\"@id\":\"https:\\\/\\\/www.kuakebicycle.com\\\/da\\\/#website\"},\"datePublished\":\"2021-08-04T08:32:08+00:00\",\"dateModified\":\"2022-05-05T02:35:50+00:00\",\"breadcrumb\":{\"@id\":\"https:\\\/\\\/www.kuakebicycle.com\\\/da\\\/fortrolighedspolitik\\\/#breadcrumb\"},\"inLanguage\":\"da-DK\",\"potentialAction\":[{\"@type\":\"ReadAction\",\"target\":[\"https:\\\/\\\/www.kuakebicycle.com\\\/da\\\/fortrolighedspolitik\\\/\"]}]},{\"@type\":\"BreadcrumbList\",\"@id\":\"https:\\\/\\\/www.kuakebicycle.com\\\/da\\\/fortrolighedspolitik\\\/#breadcrumb\",\"itemListElement\":[{\"@type\":\"ListItem\",\"position\":1,\"name\":\"Home\",\"item\":\"https:\\\/\\\/www.kuakebicycle.com\\\/da\\\/\"},{\"@type\":\"ListItem\",\"position\":2,\"name\":\"Fortrolighedspolitik\"}]},{\"@type\":\"WebSite\",\"@id\":\"https:\\\/\\\/www.kuakebicycle.com\\\/da\\\/#website\",\"url\":\"https:\\\/\\\/www.kuakebicycle.com\\\/da\\\/\",\"name\":\"Kuake Bicycle\",\"description\":\"\",\"publisher\":{\"@id\":\"https:\\\/\\\/www.kuakebicycle.com\\\/da\\\/#organization\"},\"potentialAction\":[{\"@type\":\"SearchAction\",\"target\":{\"@type\":\"EntryPoint\",\"urlTemplate\":\"https:\\\/\\\/www.kuakebicycle.com\\\/da\\\/?s={search_term_string}\"},\"query-input\":{\"@type\":\"PropertyValueSpecification\",\"valueRequired\":true,\"valueName\":\"search_term_string\"}}],\"inLanguage\":\"da-DK\"},{\"@type\":\"Organization\",\"@id\":\"https:\\\/\\\/www.kuakebicycle.com\\\/da\\\/#organization\",\"name\":\"Kuake Technology\",\"url\":\"https:\\\/\\\/www.kuakebicycle.com\\\/da\\\/\",\"logo\":{\"@type\":\"ImageObject\",\"inLanguage\":\"da-DK\",\"@id\":\"https:\\\/\\\/www.kuakebicycle.com\\\/da\\\/#\\\/schema\\\/logo\\\/image\\\/\",\"url\":\"https:\\\/\\\/www.kuakebicycle.com\\\/wp-content\\\/uploads\\\/2021\\\/03\\\/icon.png\",\"contentUrl\":\"https:\\\/\\\/www.kuakebicycle.com\\\/wp-content\\\/uploads\\\/2021\\\/03\\\/icon.png\",\"width\":100,\"height\":100,\"caption\":\"Kuake Technology\"},\"image\":{\"@id\":\"https:\\\/\\\/www.kuakebicycle.com\\\/da\\\/#\\\/schema\\\/logo\\\/image\\\/\"}}]}<\/script>\n<!-- \/ Yoast SEO plugin. -->","yoast_head_json":{"title":"Fortrolighedspolitik - Kuake Bicycle","robots":{"index":"index","follow":"follow","max-snippet":"max-snippet:-1","max-image-preview":"max-image-preview:large","max-video-preview":"max-video-preview:-1"},"canonical":"https:\/\/www.kuakebicycle.com\/da\/fortrolighedspolitik\/","og_locale":"da_DK","og_type":"article","og_title":"Fortrolighedspolitik - Kuake Bicycle","og_description":"Velkommen til KuakeBicycle! Hvis du bes\u00f8ger vores butik, betyder det, at du automatisk accepterer alle disse vilk\u00e5r og betingelser. L\u00e6s venligst alle oplysninger om vores retningslinjer, vilk\u00e5r og aftaler omhyggeligt. Det er meget vigtigt at [&hellip;]","og_url":"https:\/\/www.kuakebicycle.com\/da\/fortrolighedspolitik\/","og_site_name":"Kuake Bicycle","article_modified_time":"2022-05-05T02:35:50+00:00","twitter_card":"summary_large_image","twitter_misc":{"Estimeret l\u00e6setid":"8 minutter"},"schema":{"@context":"https:\/\/schema.org","@graph":[{"@type":"WebPage","@id":"https:\/\/www.kuakebicycle.com\/da\/fortrolighedspolitik\/","url":"https:\/\/www.kuakebicycle.com\/da\/fortrolighedspolitik\/","name":"Fortrolighedspolitik - Kuake Bicycle","isPartOf":{"@id":"https:\/\/www.kuakebicycle.com\/da\/#website"},"datePublished":"2021-08-04T08:32:08+00:00","dateModified":"2022-05-05T02:35:50+00:00","breadcrumb":{"@id":"https:\/\/www.kuakebicycle.com\/da\/fortrolighedspolitik\/#breadcrumb"},"inLanguage":"da-DK","potentialAction":[{"@type":"ReadAction","target":["https:\/\/www.kuakebicycle.com\/da\/fortrolighedspolitik\/"]}]},{"@type":"BreadcrumbList","@id":"https:\/\/www.kuakebicycle.com\/da\/fortrolighedspolitik\/#breadcrumb","itemListElement":[{"@type":"ListItem","position":1,"name":"Home","item":"https:\/\/www.kuakebicycle.com\/da\/"},{"@type":"ListItem","position":2,"name":"Fortrolighedspolitik"}]},{"@type":"WebSite","@id":"https:\/\/www.kuakebicycle.com\/da\/#website","url":"https:\/\/www.kuakebicycle.com\/da\/","name":"Kuake Bicycle","description":"","publisher":{"@id":"https:\/\/www.kuakebicycle.com\/da\/#organization"},"potentialAction":[{"@type":"SearchAction","target":{"@type":"EntryPoint","urlTemplate":"https:\/\/www.kuakebicycle.com\/da\/?s={search_term_string}"},"query-input":{"@type":"PropertyValueSpecification","valueRequired":true,"valueName":"search_term_string"}}],"inLanguage":"da-DK"},{"@type":"Organization","@id":"https:\/\/www.kuakebicycle.com\/da\/#organization","name":"Kuake Technology","url":"https:\/\/www.kuakebicycle.com\/da\/","logo":{"@type":"ImageObject","inLanguage":"da-DK","@id":"https:\/\/www.kuakebicycle.com\/da\/#\/schema\/logo\/image\/","url":"https:\/\/www.kuakebicycle.com\/wp-content\/uploads\/2021\/03\/icon.png","contentUrl":"https:\/\/www.kuakebicycle.com\/wp-content\/uploads\/2021\/03\/icon.png","width":100,"height":100,"caption":"Kuake Technology"},"image":{"@id":"https:\/\/www.kuakebicycle.com\/da\/#\/schema\/logo\/image\/"}}]}},"_links":{"self":[{"href":"https:\/\/www.kuakebicycle.com\/da\/wp-json\/wp\/v2\/pages\/10697","targetHints":{"allow":["GET"]}}],"collection":[{"href":"https:\/\/www.kuakebicycle.com\/da\/wp-json\/wp\/v2\/pages"}],"about":[{"href":"https:\/\/www.kuakebicycle.com\/da\/wp-json\/wp\/v2\/types\/page"}],"author":[{"embeddable":true,"href":"https:\/\/www.kuakebicycle.com\/da\/wp-json\/wp\/v2\/users\/1"}],"replies":[{"embeddable":true,"href":"https:\/\/www.kuakebicycle.com\/da\/wp-json\/wp\/v2\/comments?post=10697"}],"version-history":[{"count":0,"href":"https:\/\/www.kuakebicycle.com\/da\/wp-json\/wp\/v2\/pages\/10697\/revisions"}],"wp:attachment":[{"href":"https:\/\/www.kuakebicycle.com\/da\/wp-json\/wp\/v2\/media?parent=10697"}],"curies":[{"name":"wp","href":"https:\/\/api.w.org\/{rel}","templated":true}]}}