{"id":10467,"date":"2021-08-04T08:20:32","date_gmt":"2021-08-04T08:20:32","guid":{"rendered":"https:\/\/www.kuakebicycle.com\/kontakt\/"},"modified":"2024-04-27T14:57:26","modified_gmt":"2024-04-27T14:57:26","slug":"kontakt","status":"publish","type":"page","link":"https:\/\/www.kuakebicycle.com\/da\/kontakt\/","title":{"rendered":"Kontakt"},"content":{"rendered":"\n<h2>\n\t\tKontakt\n\t<\/h2>\n\t<!-- Event snippet for Contact\u9875\u9762\u6d4f\u89c8 conversion page -->\n<h3>\n\t\tDet er nemt og hurtigt at komme i kontakt!\n\t<\/h3>\n\t\n<div class=\"wpcf7 no-js\" id=\"wpcf7-f10754-o1\" lang=\"da-DK\" dir=\"ltr\" data-wpcf7-id=\"10754\">\n<div class=\"screen-reader-response\"><p role=\"status\" aria-live=\"polite\" aria-atomic=\"true\"><\/p> <ul><\/ul><\/div>\n<form action=\"\/da\/wp-json\/wp\/v2\/pages\/10467#wpcf7-f10754-o1\" method=\"post\" class=\"wpcf7-form init wpb_gqb_form_product_info_show\" aria-label=\"Kontaktformular\" novalidate=\"novalidate\" data-status=\"init\">\n<fieldset class=\"hidden-fields-container\"><input type=\"hidden\" name=\"_wpcf7\" value=\"10754\" \/><input type=\"hidden\" name=\"_wpcf7_version\" value=\"6.1.5\" \/><input type=\"hidden\" name=\"_wpcf7_locale\" value=\"da_DK\" \/><input type=\"hidden\" name=\"_wpcf7_unit_tag\" value=\"wpcf7-f10754-o1\" \/><input type=\"hidden\" name=\"_wpcf7_container_post\" value=\"0\" \/><input type=\"hidden\" name=\"_wpcf7_posted_data_hash\" value=\"\" \/><input type=\"hidden\" name=\"_wpcf7_recaptcha_response\" value=\"\" \/>\n<\/fieldset>\n<p><label> Dit navn<br \/>\n<span class=\"wpcf7-form-control-wrap\" data-name=\"your-name\"><input size=\"40\" maxlength=\"400\" class=\"wpcf7-form-control wpcf7-text wpcf7-validates-as-required\" aria-required=\"true\" aria-invalid=\"false\" value=\"\" type=\"text\" name=\"your-name\" \/><\/span> <\/label>\n<\/p>\n<p><label> Din email<br \/>\n<span class=\"wpcf7-form-control-wrap\" data-name=\"your-email\"><input size=\"40\" maxlength=\"400\" class=\"wpcf7-form-control wpcf7-email wpcf7-validates-as-required wpcf7-text wpcf7-validates-as-email\" aria-required=\"true\" aria-invalid=\"false\" value=\"\" type=\"email\" name=\"your-email\" \/><\/span> <\/label>\n<\/p>\n<p><label> Dit tlf. (valgfrit)<br \/>\n<span class=\"wpcf7-form-control-wrap\" data-name=\"tel-734\"><input size=\"40\" maxlength=\"400\" class=\"wpcf7-form-control wpcf7-tel wpcf7-text wpcf7-validates-as-tel\" aria-invalid=\"false\" value=\"\" type=\"tel\" name=\"tel-734\" \/><\/span> <\/label>\n<\/p>\n<p><label> Din besked<br \/>\n<span class=\"wpcf7-form-control-wrap\" data-name=\"your-message\"><textarea cols=\"40\" rows=\"10\" maxlength=\"2000\" class=\"wpcf7-form-control wpcf7-textarea wpcf7-validates-as-required\" aria-required=\"true\" aria-invalid=\"false\" name=\"your-message\"><\/textarea><\/span> <\/label>\n<\/p>\n<p><span class=\"wpcf7-form-control-wrap\" data-name=\"quiz-747\"><label><span class=\"wpcf7-quiz-label\">1+1=?<\/span> <input size=\"40\" class=\"wpcf7-form-control wpcf7-quiz\" autocomplete=\"off\" aria-required=\"true\" aria-invalid=\"false\" type=\"text\" name=\"quiz-747\" \/><\/label><input type=\"hidden\" name=\"_wpcf7_quiz_answer_quiz-747\" value=\"84262b1b1892ac213d120c978f590ac6\" \/><\/span>\n<\/p>\n<p><input class=\"wpcf7-form-control wpcf7-submit has-spinner\" type=\"submit\" value=\"Indsend\" \/>\n<\/p><div class=\"wpcf7-response-output\" aria-hidden=\"true\"><\/div>\n<\/form>\n<\/div>\n\n\t<ul>\n\t\t<li>\t\t\n\t\t\t\t<img decoding=\"async\" src=\"https:\/\/www.kuakebicycle.com\/wp-content\/uploads\/2017\/07\/Contact-icon111-free-img.png\" alt=\"Contact-icon111\" itemprop=\"image\"\/>\n\t\t<h4>Adresse<\/h4><p>Bygning NO.4, Rail Transit Industrial Park, Changzhou &#8211; 213000, Kina<\/p><\/li><li>\t\t\n\t\t\t\t<img decoding=\"async\" src=\"https:\/\/www.kuakebicycle.com\/wp-content\/uploads\/2017\/07\/Contact-icon22-free-img.png\" alt=\"Contact-icon22\" itemprop=\"image\"\/>\n\t\t<h4>Mail os<\/h4><p>info@kuakebicycle.com<\/p><\/li><li>\t\t\n\t\t\t\t<img decoding=\"async\" src=\"https:\/\/www.kuakebicycle.com\/wp-content\/uploads\/2017\/07\/Contact-icon33-free-img.png\" alt=\"Contact-icon33\" itemprop=\"image\"\/>\n\t\t<h4>WhatsApp<\/h4><p>+8617712830707<\/p><\/li>\t<\/ul>\n<h2>\n\t\tBes\u00f8g os\n\t<\/h2>\n\t<iframe src=\"https:\/\/www.google.com\/maps\/embed?pb=!1m18!1m12!1m3!1d108617.9859446946!2d119.93138921474129!3d31.707369551683254!2m3!1f0!2f0!3f0!3m2!1i1024!2i768!4f13.1!3m3!1m2!1s0x35b40ca11e6bbb13%3A0x2a4282fc45c0b016!2sRail%20Transit%20Ind'l.%20Park%20Hatch%20Base!5e0!3m2!1sen!2sus!4v1714228629301!5m2!1sen!2sus\" width=\"100%\" height=\"400\" allowfullscreen=\"\" loading=\"lazy\" referrerpolicy=\"no-referrer-when-downgrade\"><\/iframe>\n\n","protected":false},"excerpt":{"rendered":"<p>Kontakt Det er nemt og hurtigt at komme i kontakt! Adresse Bygning NO.4, Rail Transit Industrial Park, Changzhou &#8211; 213000, Kina Mail os info@kuakebicycle.com WhatsApp +8617712830707 Bes\u00f8g os<\/p>\n","protected":false},"author":1,"featured_media":0,"parent":0,"menu_order":0,"comment_status":"closed","ping_status":"closed","template":"","meta":{"site-sidebar-layout":"no-sidebar","site-content-layout":"page-builder","ast-site-content-layout":"default","site-content-style":"default","site-sidebar-style":"default","ast-global-header-display":"","ast-banner-title-visibility":"","ast-main-header-display":"","ast-hfb-above-header-display":"","ast-hfb-below-header-display":"","ast-hfb-mobile-header-display":"","site-post-title":"disabled","ast-breadcrumbs-content":"","ast-featured-img":"disabled","footer-sml-layout":"","ast-disable-related-posts":"","theme-transparent-header-meta":"default","adv-header-id-meta":"","stick-header-meta":"default","header-above-stick-meta":"","header-main-stick-meta":"","header-below-stick-meta":"","astra-migrate-meta-layouts":"default","ast-page-background-enabled":"default","ast-page-background-meta":{"desktop":{"background-color":"","background-image":"","background-repeat":"repeat","background-position":"center center","background-size":"auto","background-attachment":"scroll","background-type":"","background-media":"","overlay-type":"","overlay-color":"","overlay-opacity":"","overlay-gradient":""},"tablet":{"background-color":"","background-image":"","background-repeat":"repeat","background-position":"center center","background-size":"auto","background-attachment":"scroll","background-type":"","background-media":"","overlay-type":"","overlay-color":"","overlay-opacity":"","overlay-gradient":""},"mobile":{"background-color":"","background-image":"","background-repeat":"repeat","background-position":"center center","background-size":"auto","background-attachment":"scroll","background-type":"","background-media":"","overlay-type":"","overlay-color":"","overlay-opacity":"","overlay-gradient":""}},"ast-content-background-meta":{"desktop":{"background-color":"var(--ast-global-color-5)","background-image":"","background-repeat":"repeat","background-position":"center center","background-size":"auto","background-attachment":"scroll","background-type":"","background-media":"","overlay-type":"","overlay-color":"","overlay-opacity":"","overlay-gradient":""},"tablet":{"background-color":"var(--ast-global-color-5)","background-image":"","background-repeat":"repeat","background-position":"center center","background-size":"auto","background-attachment":"scroll","background-type":"","background-media":"","overlay-type":"","overlay-color":"","overlay-opacity":"","overlay-gradient":""},"mobile":{"background-color":"var(--ast-global-color-5)","background-image":"","background-repeat":"repeat","background-position":"center center","background-size":"auto","background-attachment":"scroll","background-type":"","background-media":"","overlay-type":"","overlay-color":"","overlay-opacity":"","overlay-gradient":""}},"footnotes":""},"class_list":["post-10467","page","type-page","status-publish","hentry"],"yoast_head":"<!-- This site is optimized with the Yoast SEO plugin v27.4 - https:\/\/yoast.com\/product\/yoast-seo-wordpress\/ -->\n<title>Kontakt - Kuake Bicycle<\/title>\n<meta name=\"description\" content=\"Vores kundetilfredshed er altid \u00f8verst p\u00e5 vores prioriteringsliste. Hvis du har sp\u00f8rgsm\u00e5l, er du velkommen til at kontakte os.\" \/>\n<meta name=\"robots\" content=\"index, follow, max-snippet:-1, max-image-preview:large, max-video-preview:-1\" \/>\n<link rel=\"canonical\" href=\"https:\/\/www.kuakebicycle.com\/da\/kontakt\/\" \/>\n<meta property=\"og:locale\" content=\"da_DK\" \/>\n<meta property=\"og:type\" content=\"article\" \/>\n<meta property=\"og:title\" content=\"Kontakt - Kuake Bicycle\" \/>\n<meta property=\"og:description\" content=\"Vores kundetilfredshed er altid \u00f8verst p\u00e5 vores prioriteringsliste. Hvis du har sp\u00f8rgsm\u00e5l, er du velkommen til at kontakte os.\" \/>\n<meta property=\"og:url\" content=\"https:\/\/www.kuakebicycle.com\/da\/kontakt\/\" \/>\n<meta property=\"og:site_name\" content=\"Kuake Bicycle\" \/>\n<meta property=\"article:modified_time\" content=\"2024-04-27T14:57:26+00:00\" \/>\n<meta property=\"og:image\" content=\"https:\/\/www.kuakebicycle.com\/wp-content\/uploads\/2017\/07\/Contact-icon111-free-img.png\" \/>\n<meta name=\"twitter:card\" content=\"summary_large_image\" \/>\n<script type=\"application\/ld+json\" class=\"yoast-schema-graph\">{\"@context\":\"https:\\\/\\\/schema.org\",\"@graph\":[{\"@type\":\"WebPage\",\"@id\":\"https:\\\/\\\/www.kuakebicycle.com\\\/da\\\/kontakt\\\/\",\"url\":\"https:\\\/\\\/www.kuakebicycle.com\\\/da\\\/kontakt\\\/\",\"name\":\"Kontakt - Kuake Bicycle\",\"isPartOf\":{\"@id\":\"https:\\\/\\\/www.kuakebicycle.com\\\/da\\\/#website\"},\"primaryImageOfPage\":{\"@id\":\"https:\\\/\\\/www.kuakebicycle.com\\\/da\\\/kontakt\\\/#primaryimage\"},\"image\":{\"@id\":\"https:\\\/\\\/www.kuakebicycle.com\\\/da\\\/kontakt\\\/#primaryimage\"},\"thumbnailUrl\":\"https:\\\/\\\/www.kuakebicycle.com\\\/wp-content\\\/uploads\\\/2017\\\/07\\\/Contact-icon111-free-img.png\",\"datePublished\":\"2021-08-04T08:20:32+00:00\",\"dateModified\":\"2024-04-27T14:57:26+00:00\",\"description\":\"Vores kundetilfredshed er altid \u00f8verst p\u00e5 vores prioriteringsliste. Hvis du har sp\u00f8rgsm\u00e5l, er du velkommen til at kontakte os.\",\"breadcrumb\":{\"@id\":\"https:\\\/\\\/www.kuakebicycle.com\\\/da\\\/kontakt\\\/#breadcrumb\"},\"inLanguage\":\"da-DK\",\"potentialAction\":[{\"@type\":\"ReadAction\",\"target\":[\"https:\\\/\\\/www.kuakebicycle.com\\\/da\\\/kontakt\\\/\"]}]},{\"@type\":\"ImageObject\",\"inLanguage\":\"da-DK\",\"@id\":\"https:\\\/\\\/www.kuakebicycle.com\\\/da\\\/kontakt\\\/#primaryimage\",\"url\":\"https:\\\/\\\/www.kuakebicycle.com\\\/wp-content\\\/uploads\\\/2017\\\/07\\\/Contact-icon111-free-img.png\",\"contentUrl\":\"https:\\\/\\\/www.kuakebicycle.com\\\/wp-content\\\/uploads\\\/2017\\\/07\\\/Contact-icon111-free-img.png\"},{\"@type\":\"BreadcrumbList\",\"@id\":\"https:\\\/\\\/www.kuakebicycle.com\\\/da\\\/kontakt\\\/#breadcrumb\",\"itemListElement\":[{\"@type\":\"ListItem\",\"position\":1,\"name\":\"Home\",\"item\":\"https:\\\/\\\/www.kuakebicycle.com\\\/da\\\/\"},{\"@type\":\"ListItem\",\"position\":2,\"name\":\"Kontakt\"}]},{\"@type\":\"WebSite\",\"@id\":\"https:\\\/\\\/www.kuakebicycle.com\\\/da\\\/#website\",\"url\":\"https:\\\/\\\/www.kuakebicycle.com\\\/da\\\/\",\"name\":\"Kuake Bicycle\",\"description\":\"\",\"publisher\":{\"@id\":\"https:\\\/\\\/www.kuakebicycle.com\\\/da\\\/#organization\"},\"potentialAction\":[{\"@type\":\"SearchAction\",\"target\":{\"@type\":\"EntryPoint\",\"urlTemplate\":\"https:\\\/\\\/www.kuakebicycle.com\\\/da\\\/?s={search_term_string}\"},\"query-input\":{\"@type\":\"PropertyValueSpecification\",\"valueRequired\":true,\"valueName\":\"search_term_string\"}}],\"inLanguage\":\"da-DK\"},{\"@type\":\"Organization\",\"@id\":\"https:\\\/\\\/www.kuakebicycle.com\\\/da\\\/#organization\",\"name\":\"Kuake Technology\",\"url\":\"https:\\\/\\\/www.kuakebicycle.com\\\/da\\\/\",\"logo\":{\"@type\":\"ImageObject\",\"inLanguage\":\"da-DK\",\"@id\":\"https:\\\/\\\/www.kuakebicycle.com\\\/da\\\/#\\\/schema\\\/logo\\\/image\\\/\",\"url\":\"https:\\\/\\\/www.kuakebicycle.com\\\/wp-content\\\/uploads\\\/2021\\\/03\\\/icon.png\",\"contentUrl\":\"https:\\\/\\\/www.kuakebicycle.com\\\/wp-content\\\/uploads\\\/2021\\\/03\\\/icon.png\",\"width\":100,\"height\":100,\"caption\":\"Kuake Technology\"},\"image\":{\"@id\":\"https:\\\/\\\/www.kuakebicycle.com\\\/da\\\/#\\\/schema\\\/logo\\\/image\\\/\"}}]}<\/script>\n<!-- \/ Yoast SEO plugin. -->","yoast_head_json":{"title":"Kontakt - Kuake Bicycle","description":"Vores kundetilfredshed er altid \u00f8verst p\u00e5 vores prioriteringsliste. Hvis du har sp\u00f8rgsm\u00e5l, er du velkommen til at kontakte os.","robots":{"index":"index","follow":"follow","max-snippet":"max-snippet:-1","max-image-preview":"max-image-preview:large","max-video-preview":"max-video-preview:-1"},"canonical":"https:\/\/www.kuakebicycle.com\/da\/kontakt\/","og_locale":"da_DK","og_type":"article","og_title":"Kontakt - Kuake Bicycle","og_description":"Vores kundetilfredshed er altid \u00f8verst p\u00e5 vores prioriteringsliste. Hvis du har sp\u00f8rgsm\u00e5l, er du velkommen til at kontakte os.","og_url":"https:\/\/www.kuakebicycle.com\/da\/kontakt\/","og_site_name":"Kuake Bicycle","article_modified_time":"2024-04-27T14:57:26+00:00","og_image":[{"url":"https:\/\/www.kuakebicycle.com\/wp-content\/uploads\/2017\/07\/Contact-icon111-free-img.png","type":"","width":"","height":""}],"twitter_card":"summary_large_image","schema":{"@context":"https:\/\/schema.org","@graph":[{"@type":"WebPage","@id":"https:\/\/www.kuakebicycle.com\/da\/kontakt\/","url":"https:\/\/www.kuakebicycle.com\/da\/kontakt\/","name":"Kontakt - Kuake Bicycle","isPartOf":{"@id":"https:\/\/www.kuakebicycle.com\/da\/#website"},"primaryImageOfPage":{"@id":"https:\/\/www.kuakebicycle.com\/da\/kontakt\/#primaryimage"},"image":{"@id":"https:\/\/www.kuakebicycle.com\/da\/kontakt\/#primaryimage"},"thumbnailUrl":"https:\/\/www.kuakebicycle.com\/wp-content\/uploads\/2017\/07\/Contact-icon111-free-img.png","datePublished":"2021-08-04T08:20:32+00:00","dateModified":"2024-04-27T14:57:26+00:00","description":"Vores kundetilfredshed er altid \u00f8verst p\u00e5 vores prioriteringsliste. Hvis du har sp\u00f8rgsm\u00e5l, er du velkommen til at kontakte os.","breadcrumb":{"@id":"https:\/\/www.kuakebicycle.com\/da\/kontakt\/#breadcrumb"},"inLanguage":"da-DK","potentialAction":[{"@type":"ReadAction","target":["https:\/\/www.kuakebicycle.com\/da\/kontakt\/"]}]},{"@type":"ImageObject","inLanguage":"da-DK","@id":"https:\/\/www.kuakebicycle.com\/da\/kontakt\/#primaryimage","url":"https:\/\/www.kuakebicycle.com\/wp-content\/uploads\/2017\/07\/Contact-icon111-free-img.png","contentUrl":"https:\/\/www.kuakebicycle.com\/wp-content\/uploads\/2017\/07\/Contact-icon111-free-img.png"},{"@type":"BreadcrumbList","@id":"https:\/\/www.kuakebicycle.com\/da\/kontakt\/#breadcrumb","itemListElement":[{"@type":"ListItem","position":1,"name":"Home","item":"https:\/\/www.kuakebicycle.com\/da\/"},{"@type":"ListItem","position":2,"name":"Kontakt"}]},{"@type":"WebSite","@id":"https:\/\/www.kuakebicycle.com\/da\/#website","url":"https:\/\/www.kuakebicycle.com\/da\/","name":"Kuake Bicycle","description":"","publisher":{"@id":"https:\/\/www.kuakebicycle.com\/da\/#organization"},"potentialAction":[{"@type":"SearchAction","target":{"@type":"EntryPoint","urlTemplate":"https:\/\/www.kuakebicycle.com\/da\/?s={search_term_string}"},"query-input":{"@type":"PropertyValueSpecification","valueRequired":true,"valueName":"search_term_string"}}],"inLanguage":"da-DK"},{"@type":"Organization","@id":"https:\/\/www.kuakebicycle.com\/da\/#organization","name":"Kuake Technology","url":"https:\/\/www.kuakebicycle.com\/da\/","logo":{"@type":"ImageObject","inLanguage":"da-DK","@id":"https:\/\/www.kuakebicycle.com\/da\/#\/schema\/logo\/image\/","url":"https:\/\/www.kuakebicycle.com\/wp-content\/uploads\/2021\/03\/icon.png","contentUrl":"https:\/\/www.kuakebicycle.com\/wp-content\/uploads\/2021\/03\/icon.png","width":100,"height":100,"caption":"Kuake Technology"},"image":{"@id":"https:\/\/www.kuakebicycle.com\/da\/#\/schema\/logo\/image\/"}}]}},"_links":{"self":[{"href":"https:\/\/www.kuakebicycle.com\/da\/wp-json\/wp\/v2\/pages\/10467","targetHints":{"allow":["GET"]}}],"collection":[{"href":"https:\/\/www.kuakebicycle.com\/da\/wp-json\/wp\/v2\/pages"}],"about":[{"href":"https:\/\/www.kuakebicycle.com\/da\/wp-json\/wp\/v2\/types\/page"}],"author":[{"embeddable":true,"href":"https:\/\/www.kuakebicycle.com\/da\/wp-json\/wp\/v2\/users\/1"}],"replies":[{"embeddable":true,"href":"https:\/\/www.kuakebicycle.com\/da\/wp-json\/wp\/v2\/comments?post=10467"}],"version-history":[{"count":0,"href":"https:\/\/www.kuakebicycle.com\/da\/wp-json\/wp\/v2\/pages\/10467\/revisions"}],"wp:attachment":[{"href":"https:\/\/www.kuakebicycle.com\/da\/wp-json\/wp\/v2\/media?parent=10467"}],"curies":[{"name":"wp","href":"https:\/\/api.w.org\/{rel}","templated":true}]}}